{"id":1178,"date":"2025-07-02T14:33:45","date_gmt":"2025-07-02T12:33:45","guid":{"rendered":"https:\/\/ccdd.univ-lyon1.fr\/?page_id=1178"},"modified":"2025-09-24T15:14:00","modified_gmt":"2025-09-24T13:14:00","slug":"include","status":"publish","type":"page","link":"https:\/\/ccdd.univ-lyon1.fr\/?page_id=1178","title":{"rendered":"INCLUDE"},"content":{"rendered":"<div id=\"cs-content\" class=\"cs-content\"><div class=\"x-section e1178-e1 mwq-0 mwq-1 mwq-2 mwq-3 mwq-4 mwq-5\"><div class=\"x-row e1178-e2 mwq-j mwq-k mwq-l mwq-m mwq-n mwq-x mwq-y\"><div class=\"x-row-inner\"><div class=\"x-col e1178-e3 mwq-1e mwq-1f mwq-1g mwq-1h\"><div class=\"x-div e1178-e4 mwq-1u mwq-1v mwq-1w mwq-1x mwq-1y\"><div class=\"x-div e1178-e5 mwq-1u mwq-1v mwq-1w mwq-1x\"><a class=\"x-div e1178-e6 mwq-1w mwq-1x\" href=\"https:\/\/ccdd.univ-lyon1.fr\/\"><div class=\"x-text x-content e1178-e7 mwq-20 mwq-21 mwq-22 mwq-23 mwq-24 mwq-25 mwq-26\">Home<\/div><\/a><\/div><\/div><\/div><\/div><\/div><\/div><div class=\"x-section x-hide-sm x-hide-xs e1178-e9 mwq-0 mwq-1 mwq-3 mwq-4 mwq-6 mwq-7\"><div class=\"x-row x-container max width e1178-e10 mwq-j mwq-k mwq-l mwq-m mwq-n mwq-o mwq-x mwq-z\"><div class=\"x-row-inner\"><div class=\"x-col e1178-e11 mwq-1e mwq-1f mwq-1g mwq-1h\"><div class=\"x-row e1178-e12 mwq-l mwq-n mwq-p mwq-q mwq-r mwq-s mwq-x mwq-10\"><div class=\"x-bg\" aria-hidden=\"true\"><div class=\"x-bg-layer-lower-image\"><\/div><\/div><div class=\"x-row-inner\"><div class=\"x-col e1178-e13 mwq-1e mwq-1f mwq-1h mwq-1i mwq-1j mwq-1k\"><div class=\"x-text x-content e1178-e14 mwq-24 mwq-25 mwq-27 mwq-28 mwq-29 mwq-2a mwq-2b mwq-2c mwq-2d mwq-2e\">Grands projets h\u00e9berg\u00e9s<\/div><div id=\"carrieres\" class=\"x-text x-text-headline e1178-e15 mwq-2w mwq-2x mwq-2y mwq-2z mwq-30\"><div class=\"x-text-content\"><div class=\"x-text-content-text\"><h1 class=\"x-text-content-text-primary\">INCLUDE<\/h1>\n<\/div><\/div><\/div><\/div><div class=\"x-col e1178-e16 mwq-1e mwq-1f mwq-1h mwq-1j mwq-1l\"><div class=\"x-div e1178-e17 mwq-1u mwq-1w mwq-1z\"><div class=\"x-bg\" aria-hidden=\"true\"><div class=\"x-bg-layer-lower-image\" style=\" background-image: url(https:\/\/ccdd.univ-lyon1.fr\/wp-content\/uploads\/2025\/07\/INCLUDE-Groupe-etudiants-dans-espace-informel-freepik.jpg); background-repeat: no-repeat; background-position: center; background-size: cover;\"><\/div><div class=\"x-bg-layer-upper-color\" style=\" background-color: #F37032b5;\"><\/div><\/div><\/div><\/div><\/div><\/div><div class=\"x-row e1178-e18 mwq-j mwq-l mwq-m mwq-n mwq-q mwq-t mwq-x mwq-11\" id=\"evolutivite\"><div class=\"x-row-inner\"><div class=\"x-col e1178-e19 mwq-1e mwq-1f mwq-1g mwq-1h\"><div class=\"x-row e1178-e20 mwq-j mwq-l mwq-m mwq-n mwq-r mwq-u mwq-x mwq-12\"><div class=\"x-row-inner\"><div class=\"x-col e1178-e21 mwq-1e mwq-1f mwq-1g mwq-1h\"><div class=\"x-text x-content e1178-e22 mwq-21 mwq-24 mwq-28 mwq-29 mwq-2e mwq-2f mwq-2g mwq-2h mwq-2i mwq-2j mwq-2k mwq-b mwq-c mwq-d mwq-e x-effect-exit\" data-x-effect=\"{&quot;scroll&quot;:true,&quot;offsetTop&quot;:&quot;0%&quot;,&quot;offsetBottom&quot;:&quot;0%&quot;,&quot;behaviorScroll&quot;:&quot;fire-once&quot;}\"><p>D&eacute;monstrateur num&eacute;rique INCLUDE : pour une universit&eacute; plus inclusive<\/p><\/div><\/div><div class=\"x-col e1178-e23 mwq-1e mwq-1f mwq-1g mwq-1h\"><div class=\"x-text x-content e1178-e24 mwq-21 mwq-24 mwq-26 mwq-29 mwq-2c mwq-2e mwq-2g mwq-2i mwq-2j mwq-2l mwq-2m mwq-2n\"><p>CCDD&nbsp;: &nbsp;un v&eacute;ritable appui de transformation num&eacute;rique et d'innovation p&eacute;dagogique de l'universit&eacute;, levier d&rsquo;inclusion<\/p><\/div><hr class=\"x-line e1178-e25 mwq-39 mwq-e mwq-f mwq-g x-effect-exit\" data-x-effect=\"{&quot;scroll&quot;:true,&quot;offsetTop&quot;:&quot;0%&quot;,&quot;offsetBottom&quot;:&quot;0%&quot;,&quot;behaviorScroll&quot;:&quot;fire-once&quot;}\"\/><\/div><\/div><\/div><\/div><div class=\"x-col e1178-e26 mwq-1e mwq-1f mwq-1g mwq-1h\"><div class=\"x-text x-content e1178-e27 mwq-21 mwq-23 mwq-24 mwq-25 mwq-29 mwq-2b mwq-2c mwq-2e mwq-2h mwq-2o mwq-2p mwq-2q mwq-2r\"><p>Le DemoES (D&eacute;monstrateurs de transformation de l&rsquo;enseignement sup&eacute;rieur) INCLUDE vise &agrave; r&eacute;pondre aux d&eacute;fis de l&rsquo;inclusion et de l&rsquo;&eacute;galit&eacute; des chances dans l&rsquo;enseignement sup&eacute;rieur, dans un contexte de transformation num&eacute;rique profonde.<\/p>\n<p>Coordonn&eacute; par l&rsquo;Universit&eacute; Claude Bernard Lyon 1, il vise &agrave; cr&eacute;er un environnement de formation universitaire plus accessible, en d&eacute;veloppant un r&eacute;pertoire de pratiques p&eacute;dagogiques et d&rsquo;enseignement synchrones et asynchrones, pour offrir aux apprenants des cursus personnalis&eacute;s, adapt&eacute;s &agrave; leurs sp&eacute;cificit&eacute;s, aussi bien pour l&rsquo;acquisition des connaissances et des comp&eacute;tences que pour l&rsquo;expression de leurs capacit&eacute;s.<\/p>\n<p>Pour r&eacute;pondre &agrave; cet objectif, un ensemble de dispositifs est et d&eacute;ploy&eacute; au sein des parcours de formation des partenaires du d&eacute;monstrateur.<\/p>\n<p>Ces dispositifs sont d&eacute;velopp&eacute;s au sein d&rsquo;un &eacute;cosyst&egrave;me num&eacute;rique transformant qui s&rsquo;appuiera sur des plateformes logicielles et des infrastructures h&eacute;berg&eacute;es au sein du CCDD.<\/p>\n<p>&nbsp;<\/p><\/div><\/div><\/div><\/div><\/div><\/div><\/div><\/div><div class=\"x-section x-hide-lg x-hide-md x-hide-xl e1178-e28 mwq-0 mwq-1 mwq-3 mwq-4 mwq-6 mwq-7\"><div class=\"x-row e1178-e29 mwq-j mwq-k mwq-l mwq-s mwq-v mwq-x mwq-13\"><div class=\"x-row-inner\"><div class=\"x-col e1178-e30 mwq-1e mwq-1f mwq-1g mwq-1h mwq-1k mwq-1m mwq-1n mwq-1o mwq-1p\"><div class=\"x-text x-content e1178-e31 mwq-24 mwq-25 mwq-28 mwq-29 mwq-2a mwq-2b mwq-2c mwq-2d mwq-2e mwq-2n mwq-2s mwq-2t\">Grands projets h\u00e9berg\u00e9s<\/div><div class=\"x-text x-text-headline e1178-e32 mwq-2x mwq-2y mwq-2z mwq-30 mwq-31\"><div class=\"x-text-content\"><div class=\"x-text-content-text\"><h1 class=\"x-text-content-text-primary\">INCLUDE<\/h1>\n<\/div><\/div><\/div><\/div><\/div><\/div><div class=\"x-row e1178-e33 mwq-j mwq-l mwq-m mwq-n mwq-q mwq-t mwq-x mwq-14\" id=\"evolutivite\"><div class=\"x-row-inner\"><div class=\"x-col e1178-e34 mwq-1e mwq-1f mwq-1g mwq-1h\"><div class=\"x-row e1178-e35 mwq-j mwq-l mwq-m mwq-n mwq-r mwq-u mwq-x mwq-15\"><div class=\"x-row-inner\"><div class=\"x-col e1178-e36 mwq-1e mwq-1f mwq-1g mwq-1h\"><div class=\"x-text x-content e1178-e37 mwq-21 mwq-24 mwq-28 mwq-29 mwq-2e mwq-2g mwq-2i mwq-2j mwq-2k mwq-2m mwq-b mwq-c mwq-d mwq-e x-effect-exit\" data-x-effect=\"{&quot;scroll&quot;:true,&quot;offsetTop&quot;:&quot;0%&quot;,&quot;offsetBottom&quot;:&quot;0%&quot;,&quot;behaviorScroll&quot;:&quot;fire-once&quot;}\"><p>D&eacute;monstrateur num&eacute;rique INCLUDE : pour une universit&eacute; plus inclusive<\/p><\/div><\/div><div class=\"x-col e1178-e38 mwq-1e mwq-1f mwq-1g mwq-1h\"><div class=\"x-text x-content e1178-e39 mwq-21 mwq-24 mwq-26 mwq-29 mwq-2c mwq-2e mwq-2g mwq-2i mwq-2j mwq-2l mwq-2m mwq-2n\"><p>CCDD&nbsp;: &nbsp;un v&eacute;ritable appui de transformation num&eacute;rique et d'innovation p&eacute;dagogique de l'universit&eacute;, levier d&rsquo;inclusion<\/p><\/div><hr class=\"x-line e1178-e40 mwq-39 mwq-e mwq-f mwq-g x-effect-exit\" data-x-effect=\"{&quot;scroll&quot;:true,&quot;offsetTop&quot;:&quot;0%&quot;,&quot;offsetBottom&quot;:&quot;0%&quot;,&quot;behaviorScroll&quot;:&quot;fire-once&quot;}\"\/><\/div><\/div><\/div><\/div><div class=\"x-col e1178-e41 mwq-1e mwq-1f mwq-1g mwq-1h\"><div class=\"x-text x-content e1178-e42 mwq-21 mwq-23 mwq-24 mwq-25 mwq-29 mwq-2b mwq-2c mwq-2e mwq-2g mwq-2m mwq-2o mwq-2q mwq-2r\"><p>Le DemoES (D&eacute;monstrateurs de transformation de l&rsquo;enseignement sup&eacute;rieur) INCLUDE vise &agrave; r&eacute;pondre aux d&eacute;fis de l&rsquo;inclusion et de l&rsquo;&eacute;galit&eacute; des chances dans l&rsquo;enseignement sup&eacute;rieur, dans un contexte de transformation num&eacute;rique profonde.<\/p>\n<p>Coordonn&eacute; par l&rsquo;Unievrsit&eacute; Claude Bernard Lyon 1, il vise &agrave; cr&eacute;er un environnement de formation universitaire plus accessible, en d&eacute;veloppant un r&eacute;pertoire de pratiques p&eacute;dagogiques et d&rsquo;enseignement synchrones et asynchrones, pour offrir aux apprenants des cursus personnalis&eacute;s, adapt&eacute;s &agrave; leurs sp&eacute;cificit&eacute;s, aussi bien pour l&rsquo;acquisition des connaissances et des comp&eacute;tences que pour l&rsquo;expression de leurs capacit&eacute;s.<\/p>\n<p>Pour r&eacute;pondre &agrave; cet objectif, un ensemble de dispositifs est et d&eacute;ploy&eacute; au sein des parcours de formation des partenaires du d&eacute;monstrateur.<\/p>\n<p>Ces dispositifs sont d&eacute;velopp&eacute;s au sein d&rsquo;un &eacute;cosyst&egrave;me num&eacute;rique transformant qui s&rsquo;appuiera sur des plateformes logicielles et des infrastructures h&eacute;berg&eacute;es au sein du CCDD.<\/p><\/div><\/div><\/div><\/div><\/div><div class=\"x-section e1178-e43 mwq-0 mwq-1 mwq-2 mwq-3 mwq-7\"><div class=\"x-row e1178-e44 mwq-j mwq-k mwq-l mwq-m mwq-n mwq-x mwq-16\"><div class=\"x-row-inner\"><div class=\"x-col e1178-e45 mwq-1e mwq-1f mwq-1g mwq-1h\"><span class=\"x-image e1178-e46 mwq-3a mwq-3b\"><img decoding=\"async\" src=\"https:\/\/ccdd.univ-lyon1.fr\/wp-content\/uploads\/2025\/07\/homme-utilisant-la-realite-virtuelle-casque-scaled.jpg\" width=\"1280\" height=\"853\" alt=\"Les \u00e9tudiants utilisent la r\u00e9alit\u00e9 virtuelle, qui n\u00e9cessite des ressources num\u00e9riques\" loading=\"lazy\"><\/span><\/div><\/div><\/div><\/div><div class=\"x-section e1178-e47 mwq-0 mwq-1 mwq-4 mwq-6 mwq-7 mwq-8\"><div class=\"x-row x-container max width e1178-e48 mwq-j mwq-k mwq-l mwq-m mwq-n mwq-o mwq-x mwq-17\"><div class=\"x-row-inner\"><div class=\"x-col e1178-e49 mwq-1e mwq-1f mwq-1g mwq-1h\"><div class=\"x-row e1178-e50 mwq-j mwq-l mwq-m mwq-n mwq-t mwq-w mwq-x mwq-18\"><div class=\"x-row-inner\"><div class=\"x-col e1178-e51 mwq-1e mwq-1f mwq-1g mwq-1h mwq-1m mwq-1q mwq-1r\"><div class=\"x-text x-text-headline e1178-e52 mwq-2y mwq-32 mwq-33 mwq-34 mwq-c mwq-d mwq-e mwq-h x-effect-exit\" data-x-effect=\"{&quot;scroll&quot;:true,&quot;offsetTop&quot;:&quot;0%&quot;,&quot;offsetBottom&quot;:&quot;0%&quot;,&quot;behaviorScroll&quot;:&quot;fire-once&quot;}\"><div class=\"x-text-content\"><div class=\"x-text-content-text\"><h2 class=\"x-text-content-text-primary\"><strong>Objectifs<\/strong> cl&eacute;s<\/h2>\n<\/div><\/div><\/div><span class=\"x-image e1178-e53 mwq-3a mwq-3c mwq-3d mwq-d mwq-e mwq-g mwq-i x-effect-exit\" data-x-effect=\"{&quot;scroll&quot;:true,&quot;offsetTop&quot;:&quot;10%&quot;,&quot;offsetBottom&quot;:&quot;10%&quot;,&quot;behaviorScroll&quot;:&quot;fire-once&quot;}\"><img decoding=\"async\" src=\"https:\/\/ccdd.univ-lyon1.fr\/wp-content\/uploads\/2025\/02\/icone-fleche-blanc_orange-e1742312816965.png\" width=\"85\" height=\"100\" alt=\"Image\" loading=\"lazy\"><\/span><\/div><div class=\"x-col e1178-e54 mwq-1e mwq-1f mwq-1g mwq-1h\"><div class=\"x-text x-content e1178-e55 mwq-21 mwq-23 mwq-24 mwq-25 mwq-29 mwq-2c mwq-2e mwq-2g mwq-2h mwq-2i mwq-2l mwq-2q mwq-2r\"><p>\u00a0<img loading=\"lazy\" decoding=\"async\" class=\"wp-image-35 alignleft\" src=\"https:\/\/ccdd.univ-lyon1.fr\/wp-content\/uploads\/2025\/02\/icone-fleche-blanc_orange-e1740386679269.png\" alt=\"\" width=\"23\" height=\"20\" data-wp-editing=\"1\" \/><strong>Favoriser l\u2019acc\u00e8s et la r\u00e9ussite dans l\u2019enseignement sup\u00e9rieur<\/strong> pour les publics \u00e9loign\u00e9s ou sous-repr\u00e9sent\u00e9s (\u00e9tudiants en situation de handicap, issus de zones rurales, de milieux modestes ou primo-arrivants\u2026).<\/p>\n<p><strong>\u00a0<img loading=\"lazy\" decoding=\"async\" class=\"wp-image-35 alignleft\" src=\"https:\/\/ccdd.univ-lyon1.fr\/wp-content\/uploads\/2025\/02\/icone-fleche-blanc_orange-e1740386679269.png\" alt=\"\" width=\"23\" height=\"20\" data-wp-editing=\"1\" \/><\/strong><strong>D\u00e9velopper des environnements d\u2019apprentissage plus inclusifs<\/strong>, \u00e0 travers des solutions techno-p\u00e9dagogiques, ou l\u2019accompagnement personnalis\u00e9\u2026<\/p>\n<p><strong><img loading=\"lazy\" decoding=\"async\" class=\"wp-image-35 alignleft\" src=\"https:\/\/ccdd.univ-lyon1.fr\/wp-content\/uploads\/2025\/02\/icone-fleche-blanc_orange-e1740386679269.png\" alt=\"\" width=\"23\" height=\"20\" data-wp-editing=\"1\" \/><\/strong><strong>Renforce l\u2019ancrage territorial de l\u2019enseignement sup\u00e9rieur<\/strong> en d\u00e9centralisant des formations (Include Campus), repensant ainsi les liens entre Ville et Territoires pour un impact socio-\u00e9conomique accru et lever l\u2019autocensure au sein des zones \u00e9loign\u00e9es des centres universitaires<\/p>\n<p><strong>\u00a0<img loading=\"lazy\" decoding=\"async\" class=\"wp-image-35 alignleft\" src=\"https:\/\/ccdd.univ-lyon1.fr\/wp-content\/uploads\/2025\/02\/icone-fleche-blanc_orange-e1740386679269.png\" alt=\"\" width=\"23\" height=\"20\" data-wp-editing=\"1\" \/>Exp\u00e9rimenter et essaimer des solutions innovantes<\/strong> au sein des \u00e9tablissements du sup\u00e9rieur, en s\u2019appuyant notamment sur des parcours de formation d\u00e9di\u00e9s aux enseignants et personnels.<\/p><\/div><\/div><\/div><\/div><div class=\"x-row e1178-e56 mwq-j mwq-l mwq-m mwq-n mwq-t mwq-w mwq-x mwq-19\"><div class=\"x-row-inner\"><div class=\"x-col e1178-e57 mwq-1e mwq-1f mwq-1g mwq-1h mwq-1m mwq-1q mwq-1r\"><div class=\"x-text x-text-headline e1178-e58 mwq-2y mwq-32 mwq-33 mwq-34 mwq-35 mwq-c mwq-d mwq-e mwq-h x-effect-exit\" data-x-effect=\"{&quot;scroll&quot;:true,&quot;offsetTop&quot;:&quot;0%&quot;,&quot;offsetBottom&quot;:&quot;0%&quot;,&quot;behaviorScroll&quot;:&quot;fire-once&quot;}\"><div class=\"x-text-content\"><div class=\"x-text-content-text\"><h2 class=\"x-text-content-text-primary\">Une dynamique <strong>collaborative<\/strong><\/h2>\n<\/div><\/div><\/div><span class=\"x-image x-hide-sm x-hide-xs e1178-e59 mwq-3a mwq-3c mwq-3d mwq-d mwq-e mwq-g mwq-i x-effect-exit\" data-x-effect=\"{&quot;scroll&quot;:true,&quot;offsetTop&quot;:&quot;10%&quot;,&quot;offsetBottom&quot;:&quot;10%&quot;,&quot;behaviorScroll&quot;:&quot;fire-once&quot;}\"><img decoding=\"async\" src=\"https:\/\/ccdd.univ-lyon1.fr\/wp-content\/uploads\/2025\/02\/icone-fleche-blanc_orange-e1742312816965.png\" width=\"85\" height=\"100\" alt=\"Image\" loading=\"lazy\"><\/span><\/div><div class=\"x-col e1178-e60 mwq-1e mwq-1f mwq-1g mwq-1h\"><div class=\"x-text x-content e1178-e61 mwq-21 mwq-23 mwq-24 mwq-25 mwq-29 mwq-2c mwq-2e mwq-2g mwq-2h mwq-2i mwq-2l mwq-2q mwq-2r\"><p>INCLUDE repose sur une gouvernance participative et une d&eacute;marche de co-construction, mobilisant &agrave; la fois les &eacute;tudiants, les enseignants, les personnels administratifs, les acteurs associatifs et les collectivit&eacute;s. Il s&rsquo;agit de cr&eacute;er un &eacute;cosyst&egrave;me durable, capable de transformer en profondeur les pratiques p&eacute;dagogiques, les outils et les politiques d&rsquo;&eacute;tablissement.<\/p>\n<p>Il f&eacute;d&egrave;re une vingtaine d&rsquo;actions en lien avec les universit&eacute;s<\/p>\n<ul>\n<li>Lumi&egrave;re Lyon 2,<\/li>\n<li>Jean Moulin Lyon 3<\/li>\n<li>Jean Monnet Saint-&Eacute;tienne,<\/li>\n<li>l&rsquo;INSA Lyon,<\/li>\n<li>l&rsquo;ECL-ENISE,<\/li>\n<li>l&rsquo;If&eacute;-ENS de Lyon<\/li>\n<li>ainsi que l&rsquo;Acad&eacute;mie de Lyon, les collectivit&eacute;s territoriales et les EdTechs.<\/li>\n<\/ul><\/div><\/div><\/div><\/div><div class=\"x-row e1178-e62 mwq-j mwq-l mwq-m mwq-n mwq-t mwq-w mwq-x mwq-1a\"><div class=\"x-row-inner\"><div class=\"x-col e1178-e63 mwq-1e mwq-1f mwq-1g mwq-1h mwq-1m mwq-1q mwq-1r\"><div class=\"x-text x-text-headline e1178-e64 mwq-2y mwq-32 mwq-33 mwq-34 mwq-35 mwq-c mwq-d mwq-e mwq-h x-effect-exit\" data-x-effect=\"{&quot;scroll&quot;:true,&quot;offsetTop&quot;:&quot;0%&quot;,&quot;offsetBottom&quot;:&quot;0%&quot;,&quot;behaviorScroll&quot;:&quot;fire-once&quot;}\"><div class=\"x-text-content\"><div class=\"x-text-content-text\"><h2 class=\"x-text-content-text-primary\"><strong>Un impact national <\/strong>attendu<\/h2>\n<\/div><\/div><\/div><span class=\"x-image x-hide-sm x-hide-xs e1178-e65 mwq-3a mwq-3c mwq-3d mwq-d mwq-e mwq-g mwq-i x-effect-exit\" data-x-effect=\"{&quot;scroll&quot;:true,&quot;offsetTop&quot;:&quot;10%&quot;,&quot;offsetBottom&quot;:&quot;10%&quot;,&quot;behaviorScroll&quot;:&quot;fire-once&quot;}\"><img decoding=\"async\" src=\"https:\/\/ccdd.univ-lyon1.fr\/wp-content\/uploads\/2025\/02\/icone-fleche-blanc_orange-e1742312816965.png\" width=\"85\" height=\"100\" alt=\"Image\" loading=\"lazy\"><\/span><\/div><div class=\"x-col e1178-e66 mwq-1e mwq-1f mwq-1g mwq-1h\"><div class=\"x-text x-content e1178-e67 mwq-21 mwq-23 mwq-24 mwq-25 mwq-29 mwq-2c mwq-2e mwq-2g mwq-2h mwq-2i mwq-2l mwq-2q mwq-2r\"><p>Le projet a vocation &agrave; devenir un mod&egrave;le reproductible d&rsquo;universit&eacute; inclusive, &agrave; travers la mise en r&eacute;seau des bonnes pratiques, la mutualisation des ressources et la production de r&eacute;f&eacute;rentiels partag&eacute;s. En cela, INCLUDE contribue pleinement aux ambitions d&rsquo;un enseignement sup&eacute;rieur plus inclusif, et plus adapt&eacute; aux enjeux du XXIe si&egrave;cle.<\/p><\/div><\/div><\/div><\/div><\/div><\/div><\/div><\/div><div class=\"x-section e1178-e68 mwq-0 mwq-7 mwq-8 mwq-9\"><div class=\"x-row x-container max width e1178-e69 mwq-j mwq-k mwq-l mwq-m mwq-n mwq-x mwq-1b\"><div class=\"x-row-inner\"><div class=\"x-col e1178-e70 mwq-1e mwq-1f mwq-1g mwq-1h\"><div class=\"x-text x-text-headline e1178-e71 mwq-2x mwq-2y mwq-30 mwq-33 mwq-36 mwq-37 mwq-c mwq-d mwq-e mwq-h x-effect-exit\" data-x-effect=\"{&quot;scroll&quot;:true,&quot;offsetTop&quot;:&quot;0%&quot;,&quot;offsetBottom&quot;:&quot;0%&quot;,&quot;behaviorScroll&quot;:&quot;fire-once&quot;}\"><div class=\"x-text-content\"><div class=\"x-text-content-text\"><h2 class=\"x-text-content-text-primary\"><p>Des ambitions qui reposent sur une\ninfrastructure num\u00e9rique <strong>soutenable, <\/strong>\n<strong>souveraine <\/strong>\n<strong>et r\u00e9siliente.<\/strong><\/p><\/h2>\n<\/div><\/div><\/div><span class=\"x-image e1178-e72 mwq-3a mwq-3b\"><img decoding=\"async\" src=\"https:\/\/ccdd.univ-lyon1.fr\/wp-content\/uploads\/2025\/02\/icone-fleche-blanc_orange-e1742312816965.png\" width=\"42\" height=\"50\" alt=\"en savoir plus ci-dessous\" loading=\"lazy\"><\/span><\/div><\/div><\/div><\/div><div class=\"x-section e1178-e73 mwq-0 mwq-6 mwq-7 mwq-8 mwq-a\" id=\"interieur\"><div class=\"x-row x-container max width e1178-e74 mwq-j mwq-k mwq-l mwq-m mwq-n mwq-x mwq-1c\"><div class=\"x-row-inner\"><div class=\"x-col e1178-e75 mwq-1e mwq-1m mwq-1n mwq-1r mwq-1s\"><div class=\"x-bg\" aria-hidden=\"true\"><div class=\"x-bg-layer-lower-image\" style=\" background-image: url(https:\/\/ccdd.univ-lyon1.fr\/wp-content\/uploads\/2025\/07\/icone-inclusion.png); background-repeat: no-repeat; background-position: center; background-size: 2;\"><\/div><\/div><div class=\"x-text x-text-headline e1178-e76 mwq-2x mwq-2y mwq-33 mwq-34 mwq-36 mwq-38 mwq-c mwq-d mwq-e mwq-h x-effect-exit\" data-x-effect=\"{&quot;scroll&quot;:true,&quot;offsetTop&quot;:&quot;0%&quot;,&quot;offsetBottom&quot;:&quot;0%&quot;,&quot;behaviorScroll&quot;:&quot;fire-once&quot;}\"><div class=\"x-text-content\"><div class=\"x-text-content-text\"><h2 class=\"x-text-content-text-primary\">En savoir plus<\/h2>\n<\/div><\/div><\/div><div class=\"x-text x-content e1178-e77 mwq-20 mwq-21 mwq-23 mwq-24 mwq-25 mwq-2c mwq-2e mwq-2i mwq-2q mwq-2r\"><p>D&eacute;couvrez toutes les actions du DemoES INCLUDE sur son portail web<\/p><\/div><a class=\"x-anchor x-anchor-button e1178-e78 mwq-3h\" tabindex=\"0\" href=\"https:\/\/include.univ-lyon1.fr\/\"><div class=\"x-anchor-content\"><div class=\"x-anchor-text\"><span class=\"x-anchor-text-primary\">Site INCLUDE<\/span><\/div><\/div><\/a><\/div><div class=\"x-col e1178-e79 mwq-1e mwq-1f mwq-1g mwq-1p mwq-1t\"><a class=\"x-image e1178-e80 mwq-3a mwq-3b\" href=\"https:\/\/include.univ-lyon1.fr\/\"><img decoding=\"async\" src=\"https:\/\/ccdd.univ-lyon1.fr\/wp-content\/uploads\/2025\/07\/Logo_include_degrade_rvb-2-300x126.png\" width=\"150\" height=\"63\" alt=\"Image\" loading=\"lazy\"><\/a><span class=\"x-image e1178-e81 mwq-3a mwq-3d mwq-3e mwq-3f\"><img decoding=\"async\" src=\"https:\/\/ccdd.univ-lyon1.fr\/wp-content\/uploads\/2025\/07\/ANR-logo-2021-complet.png\" width=\"172\" height=\"42\" alt=\"anr\" loading=\"lazy\"><\/span><span class=\"x-image e1178-e82 mwq-3a mwq-3b mwq-3f mwq-3g\"><img decoding=\"async\" src=\"https:\/\/ccdd.univ-lyon1.fr\/wp-content\/uploads\/2025\/07\/Logotype-rouge-bleu.png\" width=\"161\" height=\"158\" alt=\"Image\" loading=\"lazy\"><\/span><\/div><\/div><\/div><div class=\"x-row x-container max width e1178-e83 mwq-j mwq-k mwq-l mwq-m mwq-n mwq-x mwq-1d\"><div class=\"x-row-inner\"><div class=\"x-col e1178-e84 mwq-1e mwq-1f mwq-1g mwq-1h\"><div class=\"x-text x-content e1178-e85 mwq-21 mwq-23 mwq-24 mwq-25 mwq-2c mwq-2d mwq-2e mwq-2i mwq-2r mwq-2t mwq-2u\">Le DemoES INCLUDE a b\u00e9n\u00e9fici\u00e9 d'une aide de l\u2019\u00c9tat g\u00e9r\u00e9e par l'Agence Nationale de la Recherche au titre de France 2030 portant la r\u00e9f\u00e9rence ANR-21-DMES-0005.<\/div><\/div><\/div><\/div><\/div><\/div>\n","protected":false},"excerpt":{"rendered":"<p>Le DemoES (D\u00e9monstrateurs de transformation de l\u2019enseignement sup\u00e9rieur) INCLUDE vise \u00e0 r\u00e9pondre aux d\u00e9fis de l\u2019inclusion dans l\u2019enseignement sup\u00e9rieur.<\/p>\n","protected":false},"author":3,"featured_media":1184,"parent":1286,"menu_order":1,"comment_status":"closed","ping_status":"closed","template":"template-blank-4.php","meta":{"footnotes":""},"class_list":["post-1178","page","type-page","status-publish","has-post-thumbnail","hentry"],"_links":{"self":[{"href":"https:\/\/ccdd.univ-lyon1.fr\/index.php?rest_route=\/wp\/v2\/pages\/1178","targetHints":{"allow":["GET"]}}],"collection":[{"href":"https:\/\/ccdd.univ-lyon1.fr\/index.php?rest_route=\/wp\/v2\/pages"}],"about":[{"href":"https:\/\/ccdd.univ-lyon1.fr\/index.php?rest_route=\/wp\/v2\/types\/page"}],"author":[{"embeddable":true,"href":"https:\/\/ccdd.univ-lyon1.fr\/index.php?rest_route=\/wp\/v2\/users\/3"}],"replies":[{"embeddable":true,"href":"https:\/\/ccdd.univ-lyon1.fr\/index.php?rest_route=%2Fwp%2Fv2%2Fcomments&post=1178"}],"version-history":[{"count":26,"href":"https:\/\/ccdd.univ-lyon1.fr\/index.php?rest_route=\/wp\/v2\/pages\/1178\/revisions"}],"predecessor-version":[{"id":1295,"href":"https:\/\/ccdd.univ-lyon1.fr\/index.php?rest_route=\/wp\/v2\/pages\/1178\/revisions\/1295"}],"up":[{"embeddable":true,"href":"https:\/\/ccdd.univ-lyon1.fr\/index.php?rest_route=\/wp\/v2\/pages\/1286"}],"wp:featuredmedia":[{"embeddable":true,"href":"https:\/\/ccdd.univ-lyon1.fr\/index.php?rest_route=\/wp\/v2\/media\/1184"}],"wp:attachment":[{"href":"https:\/\/ccdd.univ-lyon1.fr\/index.php?rest_route=%2Fwp%2Fv2%2Fmedia&parent=1178"}],"curies":[{"name":"wp","href":"https:\/\/api.w.org\/{rel}","templated":true}]}}