{"id":1205,"date":"2025-07-03T15:13:23","date_gmt":"2025-07-03T13:13:23","guid":{"rendered":"https:\/\/ccdd.univ-lyon1.fr\/?page_id=1205"},"modified":"2025-09-24T15:22:47","modified_gmt":"2025-09-24T13:22:47","slug":"shape-medlyon","status":"publish","type":"page","link":"https:\/\/ccdd.univ-lyon1.fr\/?page_id=1205","title":{"rendered":"SHAPE Med@Lyon"},"content":{"rendered":"<div id=\"cs-content\" class=\"cs-content\"><div class=\"x-section e1205-e1 mxh-0 mxh-1 mxh-2 mxh-3 mxh-4 mxh-5\"><div class=\"x-row e1205-e2 mxh-j mxh-k mxh-l mxh-m mxh-n mxh-x mxh-y\"><div class=\"x-row-inner\"><div class=\"x-col e1205-e3 mxh-1d mxh-1e mxh-1f mxh-1g\"><div class=\"x-div e1205-e4 mxh-1t mxh-1u mxh-1v mxh-1w mxh-1x\"><div class=\"x-div e1205-e5 mxh-1t mxh-1u mxh-1v mxh-1w\"><a class=\"x-div e1205-e6 mxh-1v mxh-1w\" href=\"https:\/\/ccdd.univ-lyon1.fr\/\"><div class=\"x-text x-content e1205-e7 mxh-1z mxh-20 mxh-21 mxh-22 mxh-23 mxh-24 mxh-25\">Home<\/div><\/a><\/div><\/div><\/div><\/div><\/div><\/div><div class=\"x-section x-hide-sm x-hide-xs e1205-e9 mxh-0 mxh-1 mxh-3 mxh-4 mxh-6 mxh-7\"><div class=\"x-row x-container max width e1205-e10 mxh-j mxh-k mxh-l mxh-m mxh-n mxh-o mxh-x mxh-z\"><div class=\"x-row-inner\"><div class=\"x-col e1205-e11 mxh-1d mxh-1e mxh-1f mxh-1g\"><div class=\"x-row e1205-e12 mxh-l mxh-n mxh-p mxh-q mxh-r mxh-s mxh-x mxh-10\"><div class=\"x-bg\" aria-hidden=\"true\"><div class=\"x-bg-layer-lower-image\"><\/div><\/div><div class=\"x-row-inner\"><div class=\"x-col e1205-e13 mxh-1d mxh-1e mxh-1g mxh-1h mxh-1i mxh-1j\"><div class=\"x-text x-content e1205-e14 mxh-23 mxh-24 mxh-26 mxh-27 mxh-28 mxh-29 mxh-2a mxh-2b mxh-2c mxh-2d\">Grands projets h\u00e9berg\u00e9s<\/div><div id=\"carrieres\" class=\"x-text x-text-headline e1205-e15 mxh-2v mxh-2w mxh-2x mxh-2y mxh-2z\"><div class=\"x-text-content\"><div class=\"x-text-content-text\"><h1 class=\"x-text-content-text-primary\">SHAPE Med@Lyon<\/h1>\n<\/div><\/div><\/div><\/div><div class=\"x-col e1205-e16 mxh-1d mxh-1e mxh-1g mxh-1i mxh-1k\"><div class=\"x-div e1205-e17 mxh-1t mxh-1v mxh-1y\"><div class=\"x-bg\" aria-hidden=\"true\"><div class=\"x-bg-layer-lower-image\" style=\" background-image: url(https:\/\/ccdd.univ-lyon1.fr\/wp-content\/uploads\/2025\/07\/ShapeMed-hero-vignette.jpg); background-repeat: no-repeat; background-position: right; background-size: cover;\"><\/div><div class=\"x-bg-layer-upper-color\" style=\" background-color: #F37032b5;\"><\/div><\/div><\/div><\/div><\/div><\/div><div class=\"x-row e1205-e18 mxh-j mxh-l mxh-m mxh-n mxh-q mxh-t mxh-x mxh-11\" id=\"evolutivite\"><div class=\"x-row-inner\"><div class=\"x-col e1205-e19 mxh-1d mxh-1e mxh-1f mxh-1g\"><div class=\"x-row e1205-e20 mxh-j mxh-l mxh-m mxh-n mxh-r mxh-u mxh-x mxh-12\"><div class=\"x-row-inner\"><div class=\"x-col e1205-e21 mxh-1d mxh-1e mxh-1f mxh-1g\"><div class=\"x-text x-content e1205-e22 mxh-20 mxh-23 mxh-27 mxh-28 mxh-2d mxh-2e mxh-2f mxh-2g mxh-2h mxh-2i mxh-2j mxh-b mxh-c mxh-d mxh-e x-effect-exit\" data-x-effect=\"{&quot;scroll&quot;:true,&quot;offsetTop&quot;:&quot;0%&quot;,&quot;offsetBottom&quot;:&quot;0%&quot;,&quot;behaviorScroll&quot;:&quot;fire-once&quot;}\"><p>Un hub sant&eacute; pour une m&eacute;decine 5P et &ldquo;One\u202fHealth&rdquo; &agrave; Lyon<\/p><\/div><\/div><div class=\"x-col e1205-e23 mxh-1d mxh-1e mxh-1f mxh-1g\"><div class=\"x-text x-content e1205-e24 mxh-20 mxh-23 mxh-25 mxh-28 mxh-2b mxh-2d mxh-2f mxh-2h mxh-2i mxh-2k mxh-2l mxh-2m\"><p>CCDD : une infrastructure au service de la recherche en sant&eacute;<\/p><\/div><hr class=\"x-line e1205-e25 mxh-3a mxh-e mxh-f mxh-g x-effect-exit\" data-x-effect=\"{&quot;scroll&quot;:true,&quot;offsetTop&quot;:&quot;0%&quot;,&quot;offsetBottom&quot;:&quot;0%&quot;,&quot;behaviorScroll&quot;:&quot;fire-once&quot;}\"\/><\/div><\/div><\/div><\/div><div class=\"x-col e1205-e26 mxh-1d mxh-1e mxh-1f mxh-1g\"><div class=\"x-text x-content e1205-e27 mxh-20 mxh-22 mxh-23 mxh-24 mxh-28 mxh-2a mxh-2b mxh-2d mxh-2g mxh-2n mxh-2o mxh-2p mxh-2q\"><p>&Agrave; travers le projet Shape-MED@Lyon visant la structuration d&rsquo;une approche &laquo; One Health &raquo; pour la m&eacute;decine personnalis&eacute;e &agrave; Lyon, le Centre de Calculs et de Donn&eacute;es LyonTech - la Doua (CCDD) joue un r&ocirc;le de collecte et d&rsquo;analyse de donn&eacute;es de sant&eacute; in&eacute;dit.<\/p>\n<p>Le projet SHAPE\u2011Med@Lyon &ndash;\u202fpour <em>Structuring One\u202fHealth Approach for Personalised\u202fMedicine in\u202fLyon<\/em>\u202f&ndash; est laur&eacute;at en\u202f2022 de l&rsquo;appel &agrave; projets <strong>ExcellencES<\/strong> du programme France\u202f2030 (PIA4). Port&eacute; par l&rsquo;Universit&eacute;\u202fClaude\u202fBernard Lyon\u202f1 et ses partenaires, il s&rsquo;inscrit dans une strat&eacute;gie d&eacute;cennale visant &agrave; faire de la m&eacute;tropole lyonnaise un centre international majeur de recherche, d&rsquo;innovation et de formation en sant&eacute; au sein du <strong>Lyon\u202fHealth\u202fHub\u202f2030<\/strong>.<\/p>\n<p>&nbsp;<\/p><\/div><\/div><\/div><\/div><\/div><\/div><\/div><\/div><div class=\"x-section x-hide-lg x-hide-md x-hide-xl e1205-e28 mxh-0 mxh-1 mxh-3 mxh-4 mxh-6 mxh-7\"><div class=\"x-row e1205-e29 mxh-j mxh-k mxh-l mxh-s mxh-v mxh-x mxh-13\"><div class=\"x-row-inner\"><div class=\"x-col e1205-e30 mxh-1d mxh-1e mxh-1f mxh-1g mxh-1j mxh-1l mxh-1m mxh-1n mxh-1o\"><div class=\"x-text x-content e1205-e31 mxh-23 mxh-24 mxh-27 mxh-28 mxh-29 mxh-2a mxh-2b mxh-2c mxh-2d mxh-2m mxh-2r mxh-2s\">Grands projets h\u00e9berg\u00e9s<\/div><div class=\"x-text x-text-headline e1205-e32 mxh-2w mxh-2x mxh-2y mxh-2z mxh-30\"><div class=\"x-text-content\"><div class=\"x-text-content-text\"><h1 class=\"x-text-content-text-primary\">SHAPE Med@Lyon<\/h1>\n<\/div><\/div><\/div><\/div><\/div><\/div><div class=\"x-row e1205-e33 mxh-j mxh-l mxh-m mxh-n mxh-q mxh-t mxh-x mxh-14\" id=\"evolutivite\"><div class=\"x-row-inner\"><div class=\"x-col e1205-e34 mxh-1d mxh-1e mxh-1f mxh-1g\"><div class=\"x-row e1205-e35 mxh-j mxh-l mxh-m mxh-n mxh-r mxh-u mxh-x mxh-15\"><div class=\"x-row-inner\"><div class=\"x-col e1205-e36 mxh-1d mxh-1e mxh-1f mxh-1g\"><div class=\"x-text x-content e1205-e37 mxh-20 mxh-23 mxh-27 mxh-28 mxh-2d mxh-2f mxh-2h mxh-2i mxh-2j mxh-2l mxh-b mxh-c mxh-d mxh-e x-effect-exit\" data-x-effect=\"{&quot;scroll&quot;:true,&quot;offsetTop&quot;:&quot;0%&quot;,&quot;offsetBottom&quot;:&quot;0%&quot;,&quot;behaviorScroll&quot;:&quot;fire-once&quot;}\"><p><strong>Un hub sant&eacute; pour une m&eacute;decine 5P et &ldquo;One\u202fHealth&rdquo; &agrave; Lyon<\/strong><\/p><\/div><\/div><div class=\"x-col e1205-e38 mxh-1d mxh-1e mxh-1f mxh-1g\"><div class=\"x-text x-content e1205-e39 mxh-20 mxh-23 mxh-25 mxh-28 mxh-2b mxh-2d mxh-2f mxh-2h mxh-2i mxh-2k mxh-2l mxh-2m\"><p>CCDD :&nbsp; une infrastructure au service de la recherche en sant&eacute;<\/p><\/div><hr class=\"x-line e1205-e40 mxh-3a mxh-e mxh-f mxh-g x-effect-exit\" data-x-effect=\"{&quot;scroll&quot;:true,&quot;offsetTop&quot;:&quot;0%&quot;,&quot;offsetBottom&quot;:&quot;0%&quot;,&quot;behaviorScroll&quot;:&quot;fire-once&quot;}\"\/><\/div><\/div><\/div><\/div><div class=\"x-col e1205-e41 mxh-1d mxh-1e mxh-1f mxh-1g\"><div class=\"x-text x-content e1205-e42 mxh-20 mxh-22 mxh-23 mxh-24 mxh-28 mxh-2a mxh-2b mxh-2d mxh-2f mxh-2l mxh-2n mxh-2p mxh-2q\"><p>&Agrave; travers le projet Shape-MED@Lyon visant la structuration d&rsquo;une approche &laquo; One Health &raquo; pour la m&eacute;decine personnalis&eacute;e &agrave; Lyon, le Centre de Calculs et de Donn&eacute;es LyonTech - la Doua (CCDD) joue un r&ocirc;le de collecte et d&rsquo;analyse de donn&eacute;es de sant&eacute; in&eacute;dit.<\/p>\n<p>Le projet <strong>SHAPE\u2011Med@Lyon<\/strong> &ndash;\u202fpour <em>Structuring One\u202fHealth Approach for Personalised\u202fMedicine in\u202fLyon<\/em>\u202f&ndash; est laur&eacute;at en\u202f2022 de l&rsquo;appel &agrave; projets <strong>ExcellencES<\/strong> du programme France\u202f2030 (PIA4). Port&eacute; par l&rsquo;Universit&eacute;\u202fClaude\u202fBernard Lyon\u202f1 et ses partenaires, il s&rsquo;inscrit dans une strat&eacute;gie d&eacute;cennale visant &agrave; faire de la m&eacute;tropole lyonnaise un centre international majeur de recherche, d&rsquo;innovation et de formation en sant&eacute; au sein du <strong>Lyon\u202fHealth\u202fHub\u202f2030<\/strong>.<\/p><\/div><\/div><\/div><\/div><\/div><div class=\"x-section e1205-e43 mxh-0 mxh-1 mxh-2 mxh-3 mxh-7\"><div class=\"x-row e1205-e44 mxh-j mxh-k mxh-l mxh-m mxh-n mxh-x mxh-16\"><div class=\"x-row-inner\"><div class=\"x-col e1205-e45 mxh-1d mxh-1e mxh-1f mxh-1g\"><span class=\"x-image e1205-e46 mxh-3b mxh-3c mxh-3d mxh-3e\"><img decoding=\"async\" src=\"https:\/\/ccdd.univ-lyon1.fr\/wp-content\/uploads\/2025\/07\/smartphone-sur-terre-avec-stethoscope-sur-un-coeur-scaled.jpg\" width=\"2560\" height=\"1475\" alt=\"Image\" loading=\"lazy\"><\/span><\/div><\/div><\/div><\/div><div class=\"x-section e1205-e47 mxh-0 mxh-1 mxh-4 mxh-6 mxh-7 mxh-8\"><div class=\"x-row x-container max width e1205-e48 mxh-j mxh-k mxh-l mxh-m mxh-n mxh-o mxh-x mxh-17\"><div class=\"x-row-inner\"><div class=\"x-col e1205-e49 mxh-1d mxh-1e mxh-1f mxh-1g\"><div class=\"x-row e1205-e50 mxh-j mxh-l mxh-m mxh-n mxh-t mxh-w mxh-x mxh-18\"><div class=\"x-row-inner\"><div class=\"x-col e1205-e51 mxh-1d mxh-1e mxh-1f mxh-1g mxh-1l mxh-1p mxh-1q\"><div class=\"x-text x-text-headline e1205-e52 mxh-2x mxh-31 mxh-32 mxh-33 mxh-34 mxh-35 mxh-c mxh-d mxh-e mxh-h x-effect-exit\" data-x-effect=\"{&quot;scroll&quot;:true,&quot;offsetTop&quot;:&quot;0%&quot;,&quot;offsetBottom&quot;:&quot;0%&quot;,&quot;behaviorScroll&quot;:&quot;fire-once&quot;}\"><div class=\"x-text-content\"><div class=\"x-text-content-text\"><h2 class=\"x-text-content-text-primary\"><strong>Objectifs<\/strong> cl&eacute;s<\/h2>\n<\/div><\/div><\/div><span class=\"x-image x-hide-sm x-hide-xs e1205-e53 mxh-3b mxh-3f mxh-3g mxh-3h mxh-d mxh-e mxh-g mxh-i x-effect-exit\" data-x-effect=\"{&quot;scroll&quot;:true,&quot;offsetTop&quot;:&quot;10%&quot;,&quot;offsetBottom&quot;:&quot;10%&quot;,&quot;behaviorScroll&quot;:&quot;fire-once&quot;}\"><img decoding=\"async\" src=\"https:\/\/ccdd.univ-lyon1.fr\/wp-content\/uploads\/2025\/02\/icone-fleche-blanc_orange-e1742312816965.png\" width=\"85\" height=\"100\" alt=\"Image\" loading=\"lazy\"><\/span><\/div><div class=\"x-col e1205-e54 mxh-1d mxh-1e mxh-1f mxh-1g\"><div class=\"x-text x-content e1205-e55 mxh-20 mxh-22 mxh-23 mxh-24 mxh-28 mxh-2b mxh-2d mxh-2f mxh-2g mxh-2h mxh-2k mxh-2p mxh-2q\"><p>Shape-MED@Lyon constitue la pierre angulaire et un formidable acc\u00e9l\u00e9rateur du Lyon Hub sant\u00e9, avec un institut de recherche transdisciplinaire en sant\u00e9 qui rassemble les communaut\u00e9s scientifiques dont<\/p>\n\n<ul>\n \t<li><strong>les universit\u00e9s Claude Bernard Lyon 1 et Lumi\u00e8re Lyon 2, <\/strong><\/li>\n \t<li><strong>les Hospices Civils de Lyon (HCL), <\/strong><\/li>\n \t<li><strong>le Centre L\u00e9on B\u00e9rard, le Centre hospitalier Le Vinatier, <\/strong><\/li>\n \t<li><strong>V\u00e9tAgro Sup, CPE Lyon, <\/strong><\/li>\n \t<li><strong>avec les organismes nationaux de recherche Inserm,<\/strong><\/li>\n \t<li><strong> CNRS, <\/strong><\/li>\n \t<li><strong>INRA\u00e9, <\/strong><\/li>\n \t<li><strong>Inria et <\/strong><\/li>\n \t<li><strong>le Centre International de Recherche sur le Cancer-OMS<\/strong>, afin de structurer une approche de sant\u00e9 unique.<\/li>\n<\/ul>\n<p><\/p>\n<p><img loading=\"lazy\" decoding=\"async\" class=\"wp-image-35 alignleft\" src=\"https:\/\/ccdd.univ-lyon1.fr\/wp-content\/uploads\/2025\/02\/icone-fleche-blanc_orange-e1740386679269.png\" alt=\"\" width=\"23\" height=\"20\" data-wp-editing=\"1\" \/><strong style=\"font-family: inherit; font-size: 1.2em; letter-spacing: 0em;\">Constituer le Lyon Health Center, un Hub\u202fSant\u00e9 reconnu<\/strong><span style=\"font-family: inherit; font-size: 1.2em; font-weight: inherit; letter-spacing: 0em;\">, connectant \u00e9tablissements d\u2019enseignement, h\u00f4pitaux, organismes de recherche, entreprises, associations de patients et collectivit\u00e9s, pour porter des programmes ambitieux.<\/span><\/p>\n<p><strong>\u00a0<img loading=\"lazy\" decoding=\"async\" class=\"wp-image-35 alignleft\" src=\"https:\/\/ccdd.univ-lyon1.fr\/wp-content\/uploads\/2025\/02\/icone-fleche-blanc_orange-e1740386679269.png\" alt=\"\" width=\"23\" height=\"20\" data-wp-editing=\"1\" \/><\/strong><strong>D\u00e9ployer une approche \u201cOne\u202fHealth\u201d et m\u00e9decine\u202f5P<\/strong> (Pr\u00e9dictive, Pr\u00e9ventive, Personnalis\u00e9e, Participative et fond\u00e9e sur les Preuves), en d\u00e9veloppant des solutions transdisciplinaires pour les soins et les politiques de sant\u00e9.<\/p>\n<p><strong><img loading=\"lazy\" decoding=\"async\" class=\"wp-image-35 alignleft\" src=\"https:\/\/ccdd.univ-lyon1.fr\/wp-content\/uploads\/2025\/02\/icone-fleche-blanc_orange-e1740386679269.png\" alt=\"\" width=\"23\" height=\"20\" data-wp-editing=\"1\" \/><\/strong><strong>Proposer des formations transdisciplinaires\u00a0: <\/strong>Imaginer des doubles formations et parcours crois\u00e9s m\u00ealant plusieurs disciplines (sciences m\u00e9dicales, sciences dures et des donn\u00e9es, sciences humaines et sociales et ing\u00e9nierie) pour r\u00e9pondre aux futurs besoins et d\u00e9fis soci\u00e9taux en mati\u00e8re de recherche, de sant\u00e9 et d\u2019innovation.<\/p>\n<p><strong>\u00a0<img loading=\"lazy\" decoding=\"async\" class=\"wp-image-35 alignleft\" src=\"https:\/\/ccdd.univ-lyon1.fr\/wp-content\/uploads\/2025\/02\/icone-fleche-blanc_orange-e1740386679269.png\" alt=\"\" width=\"23\" height=\"20\" data-wp-editing=\"1\" \/><\/strong><strong>Diffuser les savoir avec et pour la soci\u00e9t\u00e9 avec le grand public<\/strong><\/p>\n<p><strong>\u00a0<\/strong><\/p><\/div><\/div><\/div><\/div><div class=\"x-row e1205-e56 mxh-j mxh-l mxh-m mxh-n mxh-t mxh-w mxh-x mxh-19\"><div class=\"x-row-inner\"><div class=\"x-col e1205-e57 mxh-1d mxh-1e mxh-1f mxh-1g mxh-1l mxh-1p mxh-1q\"><div class=\"x-text x-text-headline e1205-e58 mxh-2x mxh-31 mxh-32 mxh-35 mxh-36 mxh-c mxh-d mxh-e mxh-h x-effect-exit\" data-x-effect=\"{&quot;scroll&quot;:true,&quot;offsetTop&quot;:&quot;0%&quot;,&quot;offsetBottom&quot;:&quot;0%&quot;,&quot;behaviorScroll&quot;:&quot;fire-once&quot;}\"><div class=\"x-text-content\"><div class=\"x-text-content-text\"><h2 class=\"x-text-content-text-primary\"><strong>Un impact <\/strong>national et international attendu<\/h2>\n<\/div><\/div><\/div><span class=\"x-image x-hide-sm x-hide-xs e1205-e59 mxh-3b mxh-3f mxh-3g mxh-3h mxh-d mxh-e mxh-g mxh-i x-effect-exit\" data-x-effect=\"{&quot;scroll&quot;:true,&quot;offsetTop&quot;:&quot;10%&quot;,&quot;offsetBottom&quot;:&quot;10%&quot;,&quot;behaviorScroll&quot;:&quot;fire-once&quot;}\"><img decoding=\"async\" src=\"https:\/\/ccdd.univ-lyon1.fr\/wp-content\/uploads\/2025\/02\/icone-fleche-blanc_orange-e1742312816965.png\" width=\"85\" height=\"100\" alt=\"Image\" loading=\"lazy\"><\/span><\/div><div class=\"x-col e1205-e60 mxh-1d mxh-1e mxh-1f mxh-1g\"><div class=\"x-text x-content e1205-e61 mxh-20 mxh-22 mxh-23 mxh-24 mxh-28 mxh-2b mxh-2d mxh-2f mxh-2g mxh-2h mxh-2k mxh-2p mxh-2q\"><p>&Agrave; l&rsquo;horizon\u202f2035, SHAPE\u2011Med@Lyon ambitionne de\u202f:<\/p>\n<ul>\n<li><strong>&Eacute;riger Lyon en r&eacute;f&eacute;rence europ&eacute;enne &ldquo;One\u202fHealth&rdquo;<\/strong>, capable d&rsquo;influencer les politiques publiques de sant&eacute; et de nutrition.<\/li>\n<li><strong>D&eacute;ployer un mod&egrave;le reproductible de hub sant&eacute;<\/strong> pour d&rsquo;autres m&eacute;tropoles fran&ccedil;aises, gr&acirc;ce &agrave; la diffusion de standards ouverts (p&eacute;dagogie, data governance, recherche participative).<\/li>\n<li><strong>G&eacute;n&eacute;rer des leviers &eacute;conomiques pour d&eacute;velopper des sujets de recherche majeurs et des partenariats strat&eacute;giques <\/strong>: attractivit&eacute; de talents internationaux, collaboration avec les collectivit&eacute;s (portant sur des pr&eacute;occupations soci&eacute;tales centrales&nbsp;: des Moustiques tigres, punaise de lit, &icirc;lots de chaleur), et appels &agrave; projets innovants.<\/li>\n<li><strong>Renforcer le lien science\u2011soci&eacute;t&eacute;<\/strong> en impliquant citoyens et patients dans les programmes de recherche et d&rsquo;innovation.<\/li>\n<\/ul><\/div><\/div><\/div><\/div><\/div><\/div><\/div><\/div><div class=\"x-section e1205-e62 mxh-0 mxh-7 mxh-8 mxh-9\"><div class=\"x-row x-container max width e1205-e63 mxh-j mxh-k mxh-l mxh-m mxh-n mxh-x mxh-1a\"><div class=\"x-row-inner\"><div class=\"x-col e1205-e64 mxh-1d mxh-1e mxh-1f mxh-1g\"><div class=\"x-text x-text-headline e1205-e65 mxh-2w mxh-2x mxh-2z mxh-32 mxh-33 mxh-37 mxh-38 mxh-c mxh-d mxh-e mxh-h x-effect-exit\" data-x-effect=\"{&quot;scroll&quot;:true,&quot;offsetTop&quot;:&quot;0%&quot;,&quot;offsetBottom&quot;:&quot;0%&quot;,&quot;behaviorScroll&quot;:&quot;fire-once&quot;}\"><div class=\"x-text-content\"><div class=\"x-text-content-text\"><h2 class=\"x-text-content-text-primary\">Lyon Hub sant&eacute; pilotera plusieurs programmes fond&eacute;s sur une strat&eacute;gie num&eacute;rique, dont le CCDD, pour analyser les donn&eacute;es de sant&eacute; <strong>combinant informations individuelles, environnementales et sociales<\/strong>, en vue d&rsquo;une m&eacute;decine personnalis&eacute;e<strong>.<\/strong><\/h2>\n<\/div><\/div><\/div><span class=\"x-image e1205-e66 mxh-3b mxh-3d\"><img decoding=\"async\" src=\"https:\/\/ccdd.univ-lyon1.fr\/wp-content\/uploads\/2025\/02\/icone-fleche-blanc_orange-e1742312816965.png\" width=\"42\" height=\"50\" alt=\"en savoir plus ci-dessous\" loading=\"lazy\"><\/span><\/div><\/div><\/div><\/div><div class=\"x-section e1205-e67 mxh-0 mxh-6 mxh-7 mxh-8 mxh-a\" id=\"interieur\"><div class=\"x-row x-container max width e1205-e68 mxh-j mxh-k mxh-l mxh-m mxh-n mxh-x mxh-1b\"><div class=\"x-row-inner\"><div class=\"x-col e1205-e69 mxh-1d mxh-1l mxh-1m mxh-1q mxh-1r\"><div class=\"x-bg\" aria-hidden=\"true\"><div class=\"x-bg-layer-lower-image\" style=\" background-image: url(https:\/\/ccdd.univ-lyon1.fr\/wp-content\/uploads\/2025\/07\/picto-pour-Shape.png); background-repeat: no-repeat; background-position: center; background-size: 40%;\"><\/div><\/div><div class=\"x-text x-text-headline e1205-e70 mxh-2w mxh-2x mxh-32 mxh-33 mxh-35 mxh-37 mxh-39 mxh-c mxh-d mxh-e mxh-h x-effect-exit\" data-x-effect=\"{&quot;scroll&quot;:true,&quot;offsetTop&quot;:&quot;0%&quot;,&quot;offsetBottom&quot;:&quot;0%&quot;,&quot;behaviorScroll&quot;:&quot;fire-once&quot;}\"><div class=\"x-text-content\"><div class=\"x-text-content-text\"><h2 class=\"x-text-content-text-primary\">En savoir plus<\/h2>\n<\/div><\/div><\/div><div class=\"x-text x-content e1205-e71 mxh-1z mxh-20 mxh-22 mxh-23 mxh-24 mxh-2b mxh-2d mxh-2h mxh-2p mxh-2q\"><p>D&eacute;couvrez le projet SHAPE\u2011Med@Lyon sur son portail web<\/p><\/div><a class=\"x-anchor x-anchor-button e1205-e72 mxh-3m\" tabindex=\"0\" href=\"https:\/\/www.shape-med-lyon.fr\/\"><div class=\"x-anchor-content\"><div class=\"x-anchor-text\"><span class=\"x-anchor-text-primary\">Visiter le site<\/span><\/div><\/div><\/a><\/div><div class=\"x-col e1205-e73 mxh-1d mxh-1e mxh-1f mxh-1o mxh-1s\"><a class=\"x-image e1205-e74 mxh-3b mxh-3g mxh-3i mxh-3j\" href=\"https:\/\/include.univ-lyon1.fr\/\"><img decoding=\"async\" src=\"https:\/\/ccdd.univ-lyon1.fr\/wp-content\/uploads\/2025\/07\/logo-shape.png\" width=\"199\" height=\"63\" alt=\"SHAPE Med@Lyon\" loading=\"lazy\"><\/a><span class=\"x-image e1205-e75 mxh-3b mxh-3e mxh-3h mxh-3i mxh-3k\"><img decoding=\"async\" src=\"https:\/\/ccdd.univ-lyon1.fr\/wp-content\/uploads\/2025\/07\/ANR-logo-2021-complet.png\" width=\"172\" height=\"42\" alt=\"anr\" loading=\"lazy\"><\/span><span class=\"x-image e1205-e76 mxh-3b mxh-3d mxh-3e mxh-3l\"><img decoding=\"async\" src=\"https:\/\/ccdd.univ-lyon1.fr\/wp-content\/uploads\/2025\/07\/Logotype-rouge-bleu.png\" width=\"161\" height=\"158\" alt=\"Image\" loading=\"lazy\"><\/span><\/div><\/div><\/div><div class=\"x-row x-container max width e1205-e77 mxh-j mxh-k mxh-l mxh-m mxh-n mxh-x mxh-1c\"><div class=\"x-row-inner\"><div class=\"x-col e1205-e78 mxh-1d mxh-1e mxh-1f mxh-1g\"><div class=\"x-text x-content e1205-e79 mxh-20 mxh-22 mxh-23 mxh-24 mxh-2b mxh-2c mxh-2d mxh-2h mxh-2q mxh-2s mxh-2t\"><p>Le DemoES INCLUDE a b&eacute;n&eacute;fici&eacute; d'une aide de l&rsquo;&Eacute;tat g&eacute;r&eacute;e par l'Agence Nationale de la Recherche au titre de France 2030 portant la r&eacute;f&eacute;rence ANR-22-EXES-0012.<\/p><\/div><\/div><\/div><\/div><\/div><\/div>\n","protected":false},"excerpt":{"rendered":"<p>Projet transdisciplinaire en Sant\u00e9, du site de Lyon &#8211; Saint-Etienne pour d\u00e9velopper une recherche et une formation transformante dans le domaine de la sant\u00e9 et du bien-\u00eatre.<\/p>\n","protected":false},"author":3,"featured_media":1211,"parent":1286,"menu_order":30,"comment_status":"closed","ping_status":"closed","template":"template-blank-4.php","meta":{"footnotes":""},"class_list":["post-1205","page","type-page","status-publish","has-post-thumbnail","hentry"],"_links":{"self":[{"href":"https:\/\/ccdd.univ-lyon1.fr\/index.php?rest_route=\/wp\/v2\/pages\/1205","targetHints":{"allow":["GET"]}}],"collection":[{"href":"https:\/\/ccdd.univ-lyon1.fr\/index.php?rest_route=\/wp\/v2\/pages"}],"about":[{"href":"https:\/\/ccdd.univ-lyon1.fr\/index.php?rest_route=\/wp\/v2\/types\/page"}],"author":[{"embeddable":true,"href":"https:\/\/ccdd.univ-lyon1.fr\/index.php?rest_route=\/wp\/v2\/users\/3"}],"replies":[{"embeddable":true,"href":"https:\/\/ccdd.univ-lyon1.fr\/index.php?rest_route=%2Fwp%2Fv2%2Fcomments&post=1205"}],"version-history":[{"count":13,"href":"https:\/\/ccdd.univ-lyon1.fr\/index.php?rest_route=\/wp\/v2\/pages\/1205\/revisions"}],"predecessor-version":[{"id":1301,"href":"https:\/\/ccdd.univ-lyon1.fr\/index.php?rest_route=\/wp\/v2\/pages\/1205\/revisions\/1301"}],"up":[{"embeddable":true,"href":"https:\/\/ccdd.univ-lyon1.fr\/index.php?rest_route=\/wp\/v2\/pages\/1286"}],"wp:featuredmedia":[{"embeddable":true,"href":"https:\/\/ccdd.univ-lyon1.fr\/index.php?rest_route=\/wp\/v2\/media\/1211"}],"wp:attachment":[{"href":"https:\/\/ccdd.univ-lyon1.fr\/index.php?rest_route=%2Fwp%2Fv2%2Fmedia&parent=1205"}],"curies":[{"name":"wp","href":"https:\/\/api.w.org\/{rel}","templated":true}]}}