{"id":1286,"date":"2025-07-11T11:12:42","date_gmt":"2025-07-11T09:12:42","guid":{"rendered":"https:\/\/ccdd.univ-lyon1.fr\/?page_id=1286"},"modified":"2025-09-29T15:17:21","modified_gmt":"2025-09-29T13:17:21","slug":"quelques-projets-heberges","status":"publish","type":"page","link":"https:\/\/ccdd.univ-lyon1.fr\/?page_id=1286","title":{"rendered":"Projets h\u00e9berg\u00e9s"},"content":{"rendered":"<div id=\"cs-content\" class=\"cs-content\"><div class=\"x-section e1286-e1 mzq-0 mzq-1\"><div class=\"x-row e1286-e2 mzq-a mzq-b mzq-c mzq-d mzq-e mzq-f mzq-k mzq-l\"><div class=\"x-row-inner\"><div class=\"x-col e1286-e3 mzq-r mzq-s\"><div class=\"x-div e1286-e4 mzq-11 mzq-12 mzq-13 mzq-14 mzq-15 mzq-16\"><div class=\"x-div e1286-e5 mzq-11 mzq-12 mzq-13 mzq-14 mzq-15 mzq-16\"><a class=\"x-div e1286-e6 mzq-13 mzq-14 mzq-15 mzq-16\" href=\"https:\/\/ccdd.univ-lyon1.fr\/\"><div class=\"x-text x-content e1286-e7 mzq-1b mzq-1c mzq-1d\">Home<\/div><\/a><\/div><\/div><\/div><\/div><\/div><\/div><div class=\"x-section e1286-e9 mzq-0 mzq-2 mzq-3\"><div class=\"x-row x-container max width e1286-e10 mzq-a mzq-b mzq-c mzq-d mzq-e mzq-f mzq-k mzq-m\"><div class=\"x-row-inner\"><div class=\"x-col e1286-e11 mzq-r mzq-s\"><div class=\"x-text x-text-headline e1286-e12 mzq-1i mzq-1j\"><div class=\"x-text-content\"><div class=\"x-text-content-text\"><h1 class=\"x-text-content-text-primary\">Projets h\u00e9berg\u00e9s<\/h1>\n<\/div><\/div><\/div><\/div><\/div><\/div><\/div><div class=\"x-section e1286-e13 mzq-0 mzq-3 mzq-4\"><div class=\"x-row x-container max width e1286-e14 mzq-a mzq-b mzq-c mzq-d mzq-e mzq-f mzq-g mzq-k mzq-n\"><div class=\"x-row-inner\"><div class=\"x-col e1286-e15 mzq-r mzq-s mzq-t mzq-u mzq-v mzq-w\"><div class=\"x-row e1286-e16 mzq-a mzq-c mzq-e mzq-h mzq-o\"><div class=\"x-row-inner\"><a class=\"x-col e1286-e17 mzq-r mzq-t mzq-u mzq-x mzq-y mzq-z mzq-5 mzq-6\" href=\"https:\/\/ccdd.univ-lyon1.fr\/?page_id=1222\" data-x-effect-provider=\"colors particles effects\" data-x-effect=\"{&quot;durationBase&quot;:&quot;400ms&quot;}\"><div class=\"x-div e1286-e18 mzq-13 mzq-14 mzq-15 mzq-16 mzq-17\"><figure class=\"x-div e1286-e19 mzq-13 mzq-15 mzq-18\"><span class=\"x-image e1286-e20 mzq-1l\"><img decoding=\"async\" src=\"https:\/\/ccdd.univ-lyon1.fr\/wp-content\/uploads\/2025\/07\/adolescents-faisant-des-experiences-en-robotique-dans-un-laboratoire-garcon-dans-des-lunettes-de-protection-a-l-aide-d-une-tablette-et-d-une-fille-scaled.jpg\" width=\"1280\" height=\"854\" loading=\"lazy\"><\/span><\/figure><\/div><article class=\"x-div e1286-e21 mzq-11 mzq-14 mzq-15 mzq-16 mzq-19\"><div class=\"x-div e1286-e22 mzq-13 mzq-14 mzq-15 mzq-1a\"><ul class=\"x-row e1286-e23 mzq-a mzq-d mzq-e mzq-g mzq-i mzq-p\"><div class=\"x-row-inner\"><\/div><\/ul><\/div><div class=\"x-text x-text-headline e1286-e26 mzq-1j mzq-1k mzq-5 mzq-8\"><div class=\"x-text-content\"><div class=\"x-text-content-text\"><h2 class=\"x-text-content-text-primary\">ICAP<\/h2>\n<\/div><\/div><\/div><div class=\"x-div e1286-e27 mzq-13 mzq-14 mzq-15 mzq-16\"><ul class=\"x-row e1286-e28 mzq-a mzq-b mzq-c mzq-d mzq-g mzq-j mzq-q\"><div class=\"x-row-inner\"><\/div><\/ul><\/div><div class=\"x-text x-content e1286-e32 mzq-1c mzq-1f mzq-1g\">Service de l\u2019Universit\u00e9 Claude Bernard Lyon 1 d\u00e9di\u00e9 \u00e0 la conception, l&rsquo;innovation et la transformation p\u00e9dagogique.\u2026<\/div><span class=\"x-anchor x-anchor-button has-graphic e1286-e33 mzq-1n mzq-1p mzq-1r\" tabindex=\"0\"><div class=\"x-anchor-content\"><span class=\"x-graphic\" aria-hidden=\"true\"><i class=\"x-icon x-graphic-child x-graphic-icon x-graphic-primary\" aria-hidden=\"true\" data-x-icon-o=\"&#x2b;\"><\/i><\/span><\/div><\/span><\/article><\/a><a class=\"x-col e1286-e17 mzq-r mzq-t mzq-u mzq-x mzq-y mzq-z mzq-5 mzq-6\" href=\"https:\/\/ccdd.univ-lyon1.fr\/?page_id=1205\" data-x-effect-provider=\"colors particles effects\" data-x-effect=\"{&quot;durationBase&quot;:&quot;400ms&quot;}\"><div class=\"x-div e1286-e18 mzq-13 mzq-14 mzq-15 mzq-16 mzq-17\"><figure class=\"x-div e1286-e19 mzq-13 mzq-15 mzq-18\"><span class=\"x-image e1286-e20 mzq-1l\"><img decoding=\"async\" src=\"https:\/\/ccdd.univ-lyon1.fr\/wp-content\/uploads\/2025\/07\/ShapeMed-hero-vignette.jpg\" width=\"208\" height=\"150\" loading=\"lazy\"><\/span><\/figure><\/div><article class=\"x-div e1286-e21 mzq-11 mzq-14 mzq-15 mzq-16 mzq-19\"><div class=\"x-div e1286-e22 mzq-13 mzq-14 mzq-15 mzq-1a\"><ul class=\"x-row e1286-e23 mzq-a mzq-d mzq-e mzq-g mzq-i mzq-p\"><div class=\"x-row-inner\"><\/div><\/ul><\/div><div class=\"x-text x-text-headline e1286-e26 mzq-1j mzq-1k mzq-5 mzq-8\"><div class=\"x-text-content\"><div class=\"x-text-content-text\"><h2 class=\"x-text-content-text-primary\">SHAPE Med@Lyon<\/h2>\n<\/div><\/div><\/div><div class=\"x-div e1286-e27 mzq-13 mzq-14 mzq-15 mzq-16\"><ul class=\"x-row e1286-e28 mzq-a mzq-b mzq-c mzq-d mzq-g mzq-j mzq-q\"><div class=\"x-row-inner\"><\/div><\/ul><\/div><div class=\"x-text x-content e1286-e32 mzq-1c mzq-1f mzq-1g\">Projet transdisciplinaire en Sant\u00e9, du site de Lyon &#8211; Saint-Etienne pour d\u00e9velopper une recherche et une formation transformante dans le\u2026<\/div><span class=\"x-anchor x-anchor-button has-graphic e1286-e33 mzq-1n mzq-1p mzq-1r\" tabindex=\"0\"><div class=\"x-anchor-content\"><span class=\"x-graphic\" aria-hidden=\"true\"><i class=\"x-icon x-graphic-child x-graphic-icon x-graphic-primary\" aria-hidden=\"true\" data-x-icon-o=\"&#x2b;\"><\/i><\/span><\/div><\/span><\/article><\/a><a class=\"x-col e1286-e17 mzq-r mzq-t mzq-u mzq-x mzq-y mzq-z mzq-5 mzq-6\" href=\"https:\/\/ccdd.univ-lyon1.fr\/?page_id=1178\" data-x-effect-provider=\"colors particles effects\" data-x-effect=\"{&quot;durationBase&quot;:&quot;400ms&quot;}\"><div class=\"x-div e1286-e18 mzq-13 mzq-14 mzq-15 mzq-16 mzq-17\"><figure class=\"x-div e1286-e19 mzq-13 mzq-15 mzq-18\"><span class=\"x-image e1286-e20 mzq-1l\"><img decoding=\"async\" src=\"https:\/\/ccdd.univ-lyon1.fr\/wp-content\/uploads\/2025\/07\/INCLUDE-Groupe-etudiants-dans-espace-informel-freepik.jpg\" width=\"479\" height=\"370\" loading=\"lazy\"><\/span><\/figure><\/div><article class=\"x-div e1286-e21 mzq-11 mzq-14 mzq-15 mzq-16 mzq-19\"><div class=\"x-div e1286-e22 mzq-13 mzq-14 mzq-15 mzq-1a\"><ul class=\"x-row e1286-e23 mzq-a mzq-d mzq-e mzq-g mzq-i mzq-p\"><div class=\"x-row-inner\"><\/div><\/ul><\/div><div class=\"x-text x-text-headline e1286-e26 mzq-1j mzq-1k mzq-5 mzq-8\"><div class=\"x-text-content\"><div class=\"x-text-content-text\"><h2 class=\"x-text-content-text-primary\">INCLUDE<\/h2>\n<\/div><\/div><\/div><div class=\"x-div e1286-e27 mzq-13 mzq-14 mzq-15 mzq-16\"><ul class=\"x-row e1286-e28 mzq-a mzq-b mzq-c mzq-d mzq-g mzq-j mzq-q\"><div class=\"x-row-inner\"><\/div><\/ul><\/div><div class=\"x-text x-content e1286-e32 mzq-1c mzq-1f mzq-1g\">Le DemoES (D\u00e9monstrateurs de transformation de l\u2019enseignement sup\u00e9rieur) INCLUDE vise \u00e0 r\u00e9pondre aux d\u00e9fis de l\u2019inclusion dans l\u2019enseignement sup\u00e9rieur.\u2026<\/div><span class=\"x-anchor x-anchor-button has-graphic e1286-e33 mzq-1n mzq-1p mzq-1r\" tabindex=\"0\"><div class=\"x-anchor-content\"><span class=\"x-graphic\" aria-hidden=\"true\"><i class=\"x-icon x-graphic-child x-graphic-icon x-graphic-primary\" aria-hidden=\"true\" data-x-icon-o=\"&#x2b;\"><\/i><\/span><\/div><\/span><\/article><\/a><\/div><\/div><\/div><\/div><\/div><\/div><\/div>\n","protected":false},"excerpt":{"rendered":"<p>HomeProjets h\u00e9berg\u00e9s ICAP Service de l\u2019Universit\u00e9 Claude Bernard Lyon 1 d\u00e9di\u00e9 \u00e0 la conception, l&rsquo;innovation et la transformation p\u00e9dagogique.\u2026SHAPE Med@Lyon Projet transdisciplinaire en Sant\u00e9, du site de Lyon &#8211; Saint-Etienne pour d\u00e9velopper une recherche et une formation transformante dans le\u2026INCLUDE Le DemoES (D\u00e9monstrateurs de transformation de l\u2019enseignement sup\u00e9rieur) INCLUDE vise \u00e0 r\u00e9pondre aux d\u00e9fis de l\u2019inclusion dans l\u2019enseignement sup\u00e9rieur.\u2026<\/p>\n","protected":false},"author":3,"featured_media":0,"parent":1368,"menu_order":0,"comment_status":"closed","ping_status":"closed","template":"template-blank-4.php","meta":{"footnotes":""},"class_list":["post-1286","page","type-page","status-publish","hentry","no-post-thumbnail"],"_links":{"self":[{"href":"https:\/\/ccdd.univ-lyon1.fr\/index.php?rest_route=\/wp\/v2\/pages\/1286","targetHints":{"allow":["GET"]}}],"collection":[{"href":"https:\/\/ccdd.univ-lyon1.fr\/index.php?rest_route=\/wp\/v2\/pages"}],"about":[{"href":"https:\/\/ccdd.univ-lyon1.fr\/index.php?rest_route=\/wp\/v2\/types\/page"}],"author":[{"embeddable":true,"href":"https:\/\/ccdd.univ-lyon1.fr\/index.php?rest_route=\/wp\/v2\/users\/3"}],"replies":[{"embeddable":true,"href":"https:\/\/ccdd.univ-lyon1.fr\/index.php?rest_route=%2Fwp%2Fv2%2Fcomments&post=1286"}],"version-history":[{"count":5,"href":"https:\/\/ccdd.univ-lyon1.fr\/index.php?rest_route=\/wp\/v2\/pages\/1286\/revisions"}],"predecessor-version":[{"id":1293,"href":"https:\/\/ccdd.univ-lyon1.fr\/index.php?rest_route=\/wp\/v2\/pages\/1286\/revisions\/1293"}],"up":[{"embeddable":true,"href":"https:\/\/ccdd.univ-lyon1.fr\/index.php?rest_route=\/wp\/v2\/pages\/1368"}],"wp:attachment":[{"href":"https:\/\/ccdd.univ-lyon1.fr\/index.php?rest_route=%2Fwp%2Fv2%2Fmedia&parent=1286"}],"curies":[{"name":"wp","href":"https:\/\/api.w.org\/{rel}","templated":true}]}}