{"id":1410,"date":"2025-07-16T11:37:58","date_gmt":"2025-07-16T09:37:58","guid":{"rendered":"https:\/\/ccdd.univ-lyon1.fr\/?page_id=1410"},"modified":"2025-10-15T11:38:00","modified_gmt":"2025-10-15T09:38:00","slug":"quelques-projets-heberges-2","status":"publish","type":"page","link":"https:\/\/ccdd.univ-lyon1.fr\/?page_id=1410","title":{"rendered":"Domaines d&rsquo;applications"},"content":{"rendered":"<div id=\"cs-content\" class=\"cs-content\"><div class=\"x-section e1410-e1 m136-0 m136-1 m136-2 m136-3 m136-4\"><div class=\"x-row e1410-e2 m136-j m136-k m136-l m136-m m136-n m136-o m136-p m136-q m136-r m136-10 m136-11\"><div class=\"x-row-inner\"><div class=\"x-col e1410-e3 m136-1g m136-1h m136-1i\"><div class=\"x-div e1410-e4 m136-21 m136-22 m136-23 m136-24 m136-25 m136-26 m136-27 m136-28\"><div class=\"x-div e1410-e5 m136-21 m136-22 m136-23 m136-24 m136-25 m136-26 m136-27 m136-28\"><a class=\"x-div e1410-e6 m136-24 m136-25 m136-26 m136-27 m136-28\" href=\"https:\/\/ccdd.univ-lyon1.fr\/\"><div class=\"x-text x-content e1410-e7 m136-2i m136-2j m136-2k m136-2l\">Home<\/div><\/a><\/div><\/div><\/div><\/div><\/div><\/div><div class=\"x-section e1410-e9 m136-0 m136-1 m136-2 m136-5\"><div class=\"x-row e1410-e10 m136-k m136-l m136-m m136-n m136-o m136-p m136-q m136-r m136-s m136-10 m136-12\"><div class=\"x-row-inner\"><div class=\"x-col e1410-e11 m136-1g m136-1h m136-1i m136-1j\"><div class=\"x-frame x-frame-video-player e1410-e12 m136-2s m136-2t\" id=\"myVideo3\"><div class=\"x-frame-inner\"><div class=\"x-video x-video-player hide-controls autoplay muted\" data-x-element-mejs=\"{&quot;poster&quot;:&quot;&quot;,&quot;options&quot;:{&quot;pause_out_of_view&quot;:true}}\"><video class=\"x-mejs advanced-controls\" poster=\"\" preload=\"metadata\" options=\"1\" muted=\"\"><source src=\"https:\/\/ccdd.univ-lyon1.fr\/wp-content\/uploads\/2025\/10\/CCDD-Drone-toit.mp4\" type=\"video\/mp4\"><\/video><\/div><\/div><\/div><div class=\"x-div e1410-e13 m136-24 m136-25 m136-26 m136-27 m136-28 m136-29 m136-2a\"><a class=\"x-anchor x-anchor-button has-graphic e1410-e14 m136-2u m136-2v m136-2w m136-2x m136-2y m136-2z m136-30 m136-31 m136-32 m136-33\" tabindex=\"0\" id=\"playPauseBtn3\" href=\"#\"><div class=\"x-anchor-content\"><span class=\"x-graphic\" aria-hidden=\"true\"><i class=\"x-icon x-graphic-child x-graphic-icon x-graphic-primary\" aria-hidden=\"true\" data-x-icon-l=\"&#xf28b;\"><\/i><i class=\"x-icon x-graphic-child x-graphic-icon x-graphic-secondary\" aria-hidden=\"true\" data-x-icon-l=\"&#xf144;\"><\/i><\/span><\/div><\/a><\/div><\/div><\/div><\/div><\/div><div class=\"x-section e1410-e15 m136-0 m136-3 m136-5 m136-6\"><div class=\"x-row x-container max width e1410-e16 m136-j m136-k m136-l m136-m m136-n m136-o m136-p m136-q m136-r m136-10 m136-13\"><div class=\"x-row-inner\"><div class=\"x-col e1410-e17 m136-1g m136-1h m136-1i\"><div class=\"x-text x-text-headline e1410-e18 m136-3d m136-3e m136-3f m136-3g m136-3h m136-3i\"><div class=\"x-text-content\"><div class=\"x-text-content-text\"><h1 class=\"x-text-content-text-primary\">Domaines d&rsquo;applications<\/h1>\n<\/div><\/div><\/div><\/div><\/div><\/div><\/div><div class=\"x-section e1410-e19 m136-0 m136-1 m136-3 m136-5 m136-7\"><div class=\"x-row x-container max width e1410-e20 m136-j m136-k m136-l m136-m m136-n m136-o m136-p m136-q m136-r m136-10 m136-14\"><div class=\"x-row-inner\"><div class=\"x-col e1410-e21 m136-1g m136-1h m136-1i\"><div id=\"recherche\" class=\"x-text x-text-headline e1410-e22 m136-3d m136-3e m136-3g m136-3j\"><div class=\"x-text-content\"><div class=\"x-text-content-text\"><h2 class=\"x-text-content-text-primary\">RECHERCHE<\/h2>\n<\/div><\/div><\/div><div class=\"x-text x-content e1410-e23 m136-2j m136-2l m136-2m m136-2n m136-2o\">Le CCDD accompagne la recherche publique et priv\u00e9e en h\u00e9bergeant des donn\u00e9es massives, au service de projets scientifiques, acad\u00e9miques et technologiques de pointe, et des laboratoires.<\/div><\/div><\/div><\/div><div class=\"x-row x-container max width e1410-e24 m136-j m136-k m136-l m136-m m136-n m136-o m136-p m136-q m136-r m136-t m136-10 m136-15\"><div class=\"x-row-inner\"><div class=\"x-col e1410-e25 m136-1g m136-1h m136-1i m136-1k m136-1l m136-1m m136-1n m136-1o m136-1p m136-1q\"><div class=\"x-row e1410-e26 m136-j m136-k m136-l m136-m m136-o m136-q m136-u m136-v m136-16 m136-17\"><div class=\"x-row-inner\"><a class=\"x-col e1410-e27 m136-1g m136-1k m136-1l m136-1o m136-1q m136-1r m136-1s m136-1t m136-1u m136-1v m136-1w m136-9 m136-a m136-b\" href=\"https:\/\/ccdd.univ-lyon1.fr\/?page_id=1205\" data-x-effect-provider=\"colors particles effects\" data-x-effect=\"{&quot;durationBase&quot;:&quot;400ms&quot;}\"><div class=\"x-div e1410-e28 m136-24 m136-25 m136-26 m136-27 m136-28 m136-2b\"><figure class=\"x-div e1410-e29 m136-24 m136-26 m136-28 m136-2c\"><span class=\"x-image e1410-e30 m136-3n m136-3o m136-3p m136-3q\"><img decoding=\"async\" src=\"https:\/\/ccdd.univ-lyon1.fr\/wp-content\/uploads\/2025\/07\/ShapeMed-hero-vignette.jpg\" width=\"208\" height=\"150\" loading=\"lazy\"><\/span><\/figure><\/div><article class=\"x-div e1410-e31 m136-21 m136-25 m136-26 m136-27 m136-28 m136-2a m136-2d m136-2e\"><div class=\"x-text x-text-headline e1410-e32 m136-3g m136-3h m136-3k m136-3l m136-9 m136-c\"><div class=\"x-text-content\"><div class=\"x-text-content-text\"><h2 class=\"x-text-content-text-primary\">SHAPE Med@Lyon<\/h2>\n<\/div><\/div><\/div><span class=\"x-anchor x-anchor-button has-graphic e1410-e33 m136-2v m136-2x m136-2z m136-30 m136-34 m136-35 m136-36\" tabindex=\"0\"><div class=\"x-anchor-content\"><span class=\"x-graphic\" aria-hidden=\"true\"><i class=\"x-icon x-graphic-child x-graphic-icon x-graphic-primary\" aria-hidden=\"true\" data-x-icon-o=\"&#x2b;\"><\/i><\/span><\/div><\/span><\/article><\/a><\/div><\/div><\/div><div class=\"x-col e1410-e34 m136-1g m136-1h m136-1k m136-1l m136-1s m136-1t m136-1w m136-1x\"><div class=\"x-div e1410-e35 m136-24 m136-25 m136-26 m136-27 m136-28\"><span class=\"x-image e1410-e36 m136-3o m136-3r\"><img decoding=\"async\" src=\"https:\/\/ccdd.univ-lyon1.fr\/wp-content\/uploads\/2025\/05\/close-up-researcher-looking-through-ocular-lens-scaled-e1746619095341.jpg\" width=\"600\" height=\"337\" alt=\"Image\" loading=\"lazy\"><\/span><div class=\"x-text x-content e1410-e37 m136-2l m136-2n m136-2o m136-2p\">Les laboratoires<\/div><a class=\"x-anchor x-anchor-button has-graphic e1410-e38 m136-2v m136-2x m136-2z m136-30 m136-34 m136-35 m136-36\" tabindex=\"0\" href=\"#\"><div class=\"x-anchor-content\"><span class=\"x-graphic\" aria-hidden=\"true\"><i class=\"x-icon x-graphic-child x-graphic-icon x-graphic-primary\" aria-hidden=\"true\" data-x-icon-o=\"&#x2b;\"><\/i><\/span><\/div><\/a><\/div><\/div><\/div><\/div><\/div><div class=\"x-section e1410-e39 m136-0 m136-1 m136-3 m136-5 m136-7\"><div class=\"x-row x-container max width e1410-e40 m136-j m136-k m136-l m136-m m136-n m136-o m136-p m136-q m136-r m136-10 m136-18\"><div class=\"x-row-inner\"><div class=\"x-col e1410-e41 m136-1g m136-1h m136-1i\"><div id=\"enseignement\" class=\"x-text x-text-headline e1410-e42 m136-3d m136-3e m136-3g m136-3j\"><div class=\"x-text-content\"><div class=\"x-text-content-text\"><h2 class=\"x-text-content-text-primary\">ENSEIGNEMENT<\/h2>\n<\/div><\/div><\/div><div class=\"x-text x-content e1410-e43 m136-2j m136-2l m136-2m m136-2n m136-2o\">Le CCDD accompagne la recherche publique et priv\u00e9e en h\u00e9bergeant des donn\u00e9es massives, au service de projets scientifiques, acad\u00e9miques et technologiques de pointe, et des laboratoires.<\/div><\/div><\/div><\/div><div class=\"x-row x-container max width e1410-e44 m136-j m136-k m136-l m136-m m136-n m136-o m136-p m136-q m136-r m136-t m136-10 m136-19\"><div class=\"x-row-inner\"><div class=\"x-col e1410-e45 m136-1g m136-1h m136-1i m136-1k m136-1l m136-1m m136-1n m136-1q\"><div class=\"x-row e1410-e46 m136-j m136-k m136-l m136-m m136-o m136-q m136-u m136-v m136-16 m136-1a\"><div class=\"x-row-inner\"><a class=\"x-col e1410-e47 m136-1g m136-1k m136-1l m136-1o m136-1q m136-1r m136-1s m136-1t m136-1u m136-1w m136-9 m136-a m136-b\" href=\"https:\/\/ccdd.univ-lyon1.fr\/?page_id=1222\" data-x-effect-provider=\"colors particles effects\" data-x-effect=\"{&quot;durationBase&quot;:&quot;400ms&quot;}\"><div class=\"x-div e1410-e48 m136-24 m136-25 m136-26 m136-27 m136-28 m136-2b\"><figure class=\"x-div e1410-e49 m136-24 m136-26 m136-28 m136-2c\"><span class=\"x-image e1410-e50 m136-3n m136-3o m136-3p m136-3q\"><img decoding=\"async\" src=\"https:\/\/ccdd.univ-lyon1.fr\/wp-content\/uploads\/2025\/07\/adolescents-faisant-des-experiences-en-robotique-dans-un-laboratoire-garcon-dans-des-lunettes-de-protection-a-l-aide-d-une-tablette-et-d-une-fille-scaled.jpg\" width=\"1280\" height=\"854\" loading=\"lazy\"><\/span><\/figure><\/div><article class=\"x-div e1410-e51 m136-21 m136-25 m136-26 m136-27 m136-28 m136-2a m136-2d m136-2e\"><div class=\"x-div e1410-e52 m136-24 m136-25 m136-26 m136-28 m136-2f\"><ul class=\"x-row e1410-e53 m136-j m136-k m136-l m136-m m136-p m136-q m136-t m136-w m136-1b\"><div class=\"x-row-inner\"><\/div><\/ul><\/div><div class=\"x-text x-text-headline e1410-e56 m136-3g m136-3h m136-3k m136-3l m136-9 m136-c\"><div class=\"x-text-content\"><div class=\"x-text-content-text\"><h2 class=\"x-text-content-text-primary\">ICAP<\/h2>\n<\/div><\/div><\/div><div class=\"x-div e1410-e57 m136-24 m136-25 m136-26 m136-27 m136-28\"><ul class=\"x-row e1410-e58 m136-j m136-k m136-l m136-m m136-n m136-o m136-p m136-t m136-x m136-1c\"><div class=\"x-row-inner\"><\/div><\/ul><\/div><span class=\"x-anchor x-anchor-button has-graphic e1410-e62 m136-2v m136-2x m136-2z m136-30 m136-34 m136-35 m136-36\" tabindex=\"0\"><div class=\"x-anchor-content\"><span class=\"x-graphic\" aria-hidden=\"true\"><i class=\"x-icon x-graphic-child x-graphic-icon x-graphic-primary\" aria-hidden=\"true\" data-x-icon-o=\"&#x2b;\"><\/i><\/span><\/div><\/span><\/article><\/a><a class=\"x-col e1410-e47 m136-1g m136-1k m136-1l m136-1o m136-1q m136-1r m136-1s m136-1t m136-1u m136-1w m136-9 m136-a m136-b\" href=\"https:\/\/ccdd.univ-lyon1.fr\/?page_id=1178\" data-x-effect-provider=\"colors particles effects\" data-x-effect=\"{&quot;durationBase&quot;:&quot;400ms&quot;}\"><div class=\"x-div e1410-e48 m136-24 m136-25 m136-26 m136-27 m136-28 m136-2b\"><figure class=\"x-div e1410-e49 m136-24 m136-26 m136-28 m136-2c\"><span class=\"x-image e1410-e50 m136-3n m136-3o m136-3p m136-3q\"><img decoding=\"async\" src=\"https:\/\/ccdd.univ-lyon1.fr\/wp-content\/uploads\/2025\/07\/INCLUDE-Groupe-etudiants-dans-espace-informel-freepik.jpg\" width=\"479\" height=\"370\" loading=\"lazy\"><\/span><\/figure><\/div><article class=\"x-div e1410-e51 m136-21 m136-25 m136-26 m136-27 m136-28 m136-2a m136-2d m136-2e\"><div class=\"x-div e1410-e52 m136-24 m136-25 m136-26 m136-28 m136-2f\"><ul class=\"x-row e1410-e53 m136-j m136-k m136-l m136-m m136-p m136-q m136-t m136-w m136-1b\"><div class=\"x-row-inner\"><\/div><\/ul><\/div><div class=\"x-text x-text-headline e1410-e56 m136-3g m136-3h m136-3k m136-3l m136-9 m136-c\"><div class=\"x-text-content\"><div class=\"x-text-content-text\"><h2 class=\"x-text-content-text-primary\">INCLUDE<\/h2>\n<\/div><\/div><\/div><div class=\"x-div e1410-e57 m136-24 m136-25 m136-26 m136-27 m136-28\"><ul class=\"x-row e1410-e58 m136-j m136-k m136-l m136-m m136-n m136-o m136-p m136-t m136-x m136-1c\"><div class=\"x-row-inner\"><\/div><\/ul><\/div><span class=\"x-anchor x-anchor-button has-graphic e1410-e62 m136-2v m136-2x m136-2z m136-30 m136-34 m136-35 m136-36\" tabindex=\"0\"><div class=\"x-anchor-content\"><span class=\"x-graphic\" aria-hidden=\"true\"><i class=\"x-icon x-graphic-child x-graphic-icon x-graphic-primary\" aria-hidden=\"true\" data-x-icon-o=\"&#x2b;\"><\/i><\/span><\/div><\/span><\/article><\/a><\/div><\/div><\/div><\/div><\/div><\/div><div class=\"x-section e1410-e63 m136-0 m136-1 m136-2 m136-5 m136-8\"><div class=\"x-row x-container max width e1410-e64 m136-j m136-k m136-l m136-m m136-n m136-o m136-p m136-q m136-r m136-10 m136-1d\"><div class=\"x-row-inner\"><div class=\"x-col e1410-e65 m136-1g m136-1h m136-1i\"><div class=\"x-row e1410-e66 m136-j m136-l m136-o m136-q m136-u m136-y m136-1e\"><div class=\"x-row-inner\"><a class=\"x-col has-particle e1410-e67 m136-1g m136-1i m136-1r m136-1z m136-h m136-i\" href=\"https:\/\/ccdd.univ-lyon1.fr\/?page_id=1381\" data-x-effect-provider=\"colors particles effects\"><article class=\"x-div e1410-e68 m136-21 m136-23 m136-24 m136-25 m136-26 m136-27 m136-2b m136-2d m136-2g m136-f\"><div class=\"x-text x-text-headline e1410-e69 m136-3e m136-3g m136-3h m136-3i m136-3k m136-3m\"><div class=\"x-text-content\"><div class=\"x-text-content-text\"><h2 class=\"x-text-content-text-primary\">Missions et engagements<\/h2>\n<\/div><\/div><\/div><figure class=\"x-div e1410-e70 m136-24 m136-25 m136-26 m136-27 m136-28 m136-2h m136-b m136-f m136-g\" data-x-effect=\"{&quot;durationBase&quot;:&quot;650ms&quot;}\"><span class=\"x-image e1410-e71 m136-3n m136-3o m136-3p m136-3s\"><img decoding=\"async\" src=\"https:\/\/ccdd.univ-lyon1.fr\/wp-content\/uploads\/2025\/05\/WEB@YANIS_OURABAH5220.jpg\" width=\"1100\" height=\"733\" alt=\"Featured image for \u201cMissions et engagements\u201d\" loading=\"lazy\"><\/span><\/figure><\/article><span class=\"x-particle is-primary\" data-x-particle=\"scale-x inside-t_r\" aria-hidden=\"true\"><span style=\"\"><\/span><\/span><span class=\"x-particle is-secondary\" data-x-particle=\"scale-y inside-t_r\" aria-hidden=\"true\"><span style=\"\"><\/span><\/span><\/a><a class=\"x-col has-particle e1410-e67 m136-1g m136-1i m136-1r m136-1z m136-h m136-i\" href=\"https:\/\/ccdd.univ-lyon1.fr\/?page_id=1375\" data-x-effect-provider=\"colors particles effects\"><article class=\"x-div e1410-e68 m136-21 m136-23 m136-24 m136-25 m136-26 m136-27 m136-2b m136-2d m136-2g m136-f\"><div class=\"x-text x-text-headline e1410-e69 m136-3e m136-3g m136-3h m136-3i m136-3k m136-3m\"><div class=\"x-text-content\"><div class=\"x-text-content-text\"><h2 class=\"x-text-content-text-primary\">L&rsquo;\u00e9quipe<\/h2>\n<\/div><\/div><\/div><figure class=\"x-div e1410-e70 m136-24 m136-25 m136-26 m136-27 m136-28 m136-2h m136-b m136-f m136-g\" data-x-effect=\"{&quot;durationBase&quot;:&quot;650ms&quot;}\"><span class=\"x-image e1410-e71 m136-3n m136-3o m136-3p m136-3s\"><img decoding=\"async\" src=\"https:\/\/ccdd.univ-lyon1.fr\/wp-content\/uploads\/2025\/04\/WEB@YANIS_OURABAH5241.jpg\" width=\"1100\" height=\"733\" alt=\"Featured image for \u201cL&rsquo;\u00e9quipe\u201d\" loading=\"lazy\"><\/span><\/figure><\/article><span class=\"x-particle is-primary\" data-x-particle=\"scale-x inside-t_r\" aria-hidden=\"true\"><span style=\"\"><\/span><\/span><span class=\"x-particle is-secondary\" data-x-particle=\"scale-y inside-t_r\" aria-hidden=\"true\"><span style=\"\"><\/span><\/span><\/a><a class=\"x-col has-particle e1410-e67 m136-1g m136-1i m136-1r m136-1z m136-h m136-i\" href=\"https:\/\/ccdd.univ-lyon1.fr\/?page_id=1368\" data-x-effect-provider=\"colors particles effects\"><article class=\"x-div e1410-e68 m136-21 m136-23 m136-24 m136-25 m136-26 m136-27 m136-2b m136-2d m136-2g m136-f\"><div class=\"x-text x-text-headline e1410-e69 m136-3e m136-3g m136-3h m136-3i m136-3k m136-3m\"><div class=\"x-text-content\"><div class=\"x-text-content-text\"><h2 class=\"x-text-content-text-primary\">L&rsquo;\u00e9cosyst\u00e8me<\/h2>\n<\/div><\/div><\/div><figure class=\"x-div e1410-e70 m136-24 m136-25 m136-26 m136-27 m136-28 m136-2h m136-b m136-f m136-g\" data-x-effect=\"{&quot;durationBase&quot;:&quot;650ms&quot;}\"><span class=\"x-image e1410-e71 m136-3n m136-3o m136-3p m136-3s\"><img decoding=\"async\" src=\"https:\/\/ccdd.univ-lyon1.fr\/wp-content\/uploads\/2025\/07\/5-Travaux-Data-center-17-decembre-2024-6.jpg\" width=\"450\" height=\"300\" alt=\"Featured image for \u201cL&rsquo;\u00e9cosyst\u00e8me\u201d\" loading=\"lazy\"><\/span><\/figure><\/article><span class=\"x-particle is-primary\" data-x-particle=\"scale-x inside-t_r\" aria-hidden=\"true\"><span style=\"\"><\/span><\/span><span class=\"x-particle is-secondary\" data-x-particle=\"scale-y inside-t_r\" aria-hidden=\"true\"><span style=\"\"><\/span><\/span><\/a><a class=\"x-col has-particle e1410-e67 m136-1g m136-1i m136-1r m136-1z m136-h m136-i\" href=\"https:\/\/ccdd.univ-lyon1.fr\/?page_id=896\" data-x-effect-provider=\"colors particles effects\"><article class=\"x-div e1410-e68 m136-21 m136-23 m136-24 m136-25 m136-26 m136-27 m136-2b m136-2d m136-2g m136-f\"><div class=\"x-text x-text-headline e1410-e69 m136-3e m136-3g m136-3h m136-3i m136-3k m136-3m\"><div class=\"x-text-content\"><div class=\"x-text-content-text\"><h2 class=\"x-text-content-text-primary\">Actualit\u00e9s &#038; blog<\/h2>\n<\/div><\/div><\/div><figure class=\"x-div e1410-e70 m136-24 m136-25 m136-26 m136-27 m136-28 m136-2h m136-b m136-f m136-g\" data-x-effect=\"{&quot;durationBase&quot;:&quot;650ms&quot;}\"><span class=\"x-image e1410-e71 m136-3n m136-3o m136-3p m136-3s\"><img decoding=\"async\" src=\"https:\/\/ccdd.univ-lyon1.fr\/wp-content\/uploads\/2025\/04\/WEB@YANIS_OURABAH5224.jpg\" width=\"733\" height=\"1100\" alt=\"Featured image for \u201cActualit\u00e9s &#038; blog\u201d\" loading=\"lazy\"><\/span><\/figure><\/article><span class=\"x-particle is-primary\" data-x-particle=\"scale-x inside-t_r\" aria-hidden=\"true\"><span style=\"\"><\/span><\/span><span class=\"x-particle is-secondary\" data-x-particle=\"scale-y inside-t_r\" aria-hidden=\"true\"><span style=\"\"><\/span><\/span><\/a><\/div><\/div><\/div><\/div><\/div><\/div><div class=\"x-section e1410-e72 m136-0 m136-1 m136-2 m136-3 m136-4\"><div class=\"x-row e1410-e73 m136-j m136-l m136-m m136-n m136-o m136-p m136-q m136-r m136-z m136-10 m136-1f\"><div class=\"x-row-inner\"><div class=\"x-col e1410-e74 m136-1g m136-1h m136-1i m136-1v\"><span class=\"x-image e1410-e75 m136-3o m136-3p m136-3s m136-3t\"><img decoding=\"async\" src=\"https:\/\/ccdd.univ-lyon1.fr\/wp-content\/uploads\/2025\/05\/fresque-orange-vecto-e1746792070775.png\" width=\"2500\" height=\"504\" alt=\"Image\" loading=\"lazy\"><\/span><\/div><div class=\"x-col e1410-e76 m136-1g m136-1h m136-1i m136-1j m136-20\"><a class=\"x-anchor x-anchor-button has-graphic has-int-content e1410-e77 m136-2w m136-2x m136-2z m136-32 m136-37 m136-3b m136-3c\" tabindex=\"0\" href=\"https:\/\/ccdd.univ-lyon1.fr\/?page_id=224\"><div class=\"x-anchor-content x-anchor-content-out-slide-top-in-scale-up\"><span class=\"x-graphic\" aria-hidden=\"true\"><i class=\"x-icon x-graphic-child x-graphic-icon x-graphic-primary\" aria-hidden=\"true\" data-x-icon-l=\"&#xe14f;\"><\/i><\/span><div class=\"x-anchor-text\"><span class=\"x-anchor-text-primary\">Besoin de performances et de s\u00e9curit\u00e9<\/span><span class=\"x-anchor-text-secondary\">pour vos donn\u00e9es ?<\/span><\/div><\/div><div class=\"x-anchor-content x-anchor-content-out-slide-top-in-scale-up is-int\"><span class=\"x-graphic\" aria-hidden=\"true\"><i class=\"x-icon x-graphic-child x-graphic-icon x-graphic-primary\" aria-hidden=\"true\" data-x-icon-l=\"&#xf2a0;\"><\/i><\/span><div class=\"x-anchor-text\"><div class=\"x-anchor-text-primary\">Contacter-nous<\/div><div class=\"x-anchor-text-secondary\">Notre \u00e9quipe est \u00e0 votre \u00e9coute<\/div><\/div><\/div><\/a><\/div><\/div><\/div><\/div><\/div>\n","protected":false},"excerpt":{"rendered":"<p>HomeDomaines d&rsquo;applications RECHERCHE Le CCDD accompagne la recherche publique et priv\u00e9e en h\u00e9bergeant des donn\u00e9es massives, au service de projets scientifiques, acad\u00e9miques et technologiques de pointe, et des laboratoires.SHAPE Med@Lyon Les laboratoiresENSEIGNEMENT Le CCDD accompagne la recherche publique et priv\u00e9e en h\u00e9bergeant des donn\u00e9es massives, au service de projets scientifiques, acad\u00e9miques et technologiques de pointe, et des laboratoires.ICAP INCLUDE Missions &#8230; <\/p>\n<div><a href=\"https:\/\/ccdd.univ-lyon1.fr\/?page_id=1410\" class=\"more-link\">Read More<\/a><\/div>\n","protected":false},"author":3,"featured_media":0,"parent":0,"menu_order":0,"comment_status":"closed","ping_status":"closed","template":"template-blank-4.php","meta":{"footnotes":""},"class_list":["post-1410","page","type-page","status-publish","hentry","no-post-thumbnail"],"_links":{"self":[{"href":"https:\/\/ccdd.univ-lyon1.fr\/index.php?rest_route=\/wp\/v2\/pages\/1410","targetHints":{"allow":["GET"]}}],"collection":[{"href":"https:\/\/ccdd.univ-lyon1.fr\/index.php?rest_route=\/wp\/v2\/pages"}],"about":[{"href":"https:\/\/ccdd.univ-lyon1.fr\/index.php?rest_route=\/wp\/v2\/types\/page"}],"author":[{"embeddable":true,"href":"https:\/\/ccdd.univ-lyon1.fr\/index.php?rest_route=\/wp\/v2\/users\/3"}],"replies":[{"embeddable":true,"href":"https:\/\/ccdd.univ-lyon1.fr\/index.php?rest_route=%2Fwp%2Fv2%2Fcomments&post=1410"}],"version-history":[{"count":9,"href":"https:\/\/ccdd.univ-lyon1.fr\/index.php?rest_route=\/wp\/v2\/pages\/1410\/revisions"}],"predecessor-version":[{"id":1641,"href":"https:\/\/ccdd.univ-lyon1.fr\/index.php?rest_route=\/wp\/v2\/pages\/1410\/revisions\/1641"}],"wp:attachment":[{"href":"https:\/\/ccdd.univ-lyon1.fr\/index.php?rest_route=%2Fwp%2Fv2%2Fmedia&parent=1410"}],"curies":[{"name":"wp","href":"https:\/\/api.w.org\/{rel}","templated":true}]}}