{"id":157,"date":"2025-05-28T16:28:49","date_gmt":"2025-05-28T14:28:49","guid":{"rendered":"https:\/\/ccdd.univ-lyon1.fr\/?page_id=157"},"modified":"2025-09-24T17:19:40","modified_gmt":"2025-09-24T15:19:40","slug":"le-ccdd","status":"publish","type":"page","link":"https:\/\/ccdd.univ-lyon1.fr\/?page_id=157","title":{"rendered":"Le CCDD"},"content":{"rendered":"<div id=\"cs-content\" class=\"cs-content\"><div class=\"x-section e157-e1 m4d-0 m4d-1\"><div class=\"x-row x-container max width e157-e2 m4d-7 m4d-8 m4d-a m4d-b\"><div class=\"x-row-inner\"><div class=\"x-col e157-e3 m4d-e m4d-f\"><div class=\"x-div e157-e4 m4d-h m4d-i m4d-j m4d-k\"><div class=\"x-div e157-e5 m4d-h m4d-i m4d-j m4d-k\"><a class=\"x-div e157-e6 m4d-j m4d-k\" href=\"https:\/\/ccdd.univ-lyon1.fr\/\"><div class=\"x-text x-content e157-e7 m4d-n\">Home<\/div><\/a><\/div><\/div><\/div><\/div><\/div><\/div><div class=\"x-section e157-e9 m4d-0 m4d-2\"><div class=\"x-row x-container max width e157-e10 m4d-7 m4d-8 m4d-a m4d-c\"><div class=\"x-row-inner\"><div class=\"x-col e157-e11 m4d-e m4d-f\"><div class=\"x-row e157-e12 m4d-7 m4d-9 m4d-d\"><div class=\"x-row-inner\"><a class=\"x-col has-particle e157-e13 m4d-e m4d-g m4d-5 m4d-6\" href=\"https:\/\/ccdd.univ-lyon1.fr\/?page_id=1325\" data-x-effect-provider=\"colors particles effects\"><article class=\"x-div e157-e14 m4d-h m4d-j m4d-l m4d-3\"><div class=\"x-text x-text-headline e157-e15 m4d-p\"><div class=\"x-text-content\"><div class=\"x-text-content-text\"><h2 class=\"x-text-content-text-primary\">Nous conna\u00eetre<\/h2>\n<\/div><\/div><\/div><figure class=\"x-div e157-e16 m4d-j m4d-k m4d-m m4d-3 m4d-4\" data-x-effect=\"{&quot;durationBase&quot;:&quot;650ms&quot;}\"><span class=\"x-image e157-e17 m4d-q\"><img decoding=\"async\" src=\"https:\/\/ccdd.univ-lyon1.fr\/wp-content\/uploads\/2025\/03\/WEB@YANIS_OURABAH5262.jpg\" width=\"1100\" height=\"733\" alt=\"Featured image for \u201cNous conna\u00eetre\u201d\" loading=\"lazy\"><\/span><\/figure><\/article><span class=\"x-particle is-primary\" data-x-particle=\"scale-x inside-t_r\" aria-hidden=\"true\"><span style=\"\"><\/span><\/span><span class=\"x-particle is-secondary\" data-x-particle=\"scale-y inside-t_r\" aria-hidden=\"true\"><span style=\"\"><\/span><\/span><\/a><a class=\"x-col has-particle e157-e13 m4d-e m4d-g m4d-5 m4d-6\" href=\"https:\/\/ccdd.univ-lyon1.fr\/?page_id=1381\" data-x-effect-provider=\"colors particles effects\"><article class=\"x-div e157-e14 m4d-h m4d-j m4d-l m4d-3\"><div class=\"x-text x-text-headline e157-e15 m4d-p\"><div class=\"x-text-content\"><div class=\"x-text-content-text\"><h2 class=\"x-text-content-text-primary\">Missions et engagements<\/h2>\n<\/div><\/div><\/div><figure class=\"x-div e157-e16 m4d-j m4d-k m4d-m m4d-3 m4d-4\" data-x-effect=\"{&quot;durationBase&quot;:&quot;650ms&quot;}\"><span class=\"x-image e157-e17 m4d-q\"><img decoding=\"async\" src=\"https:\/\/ccdd.univ-lyon1.fr\/wp-content\/uploads\/2025\/05\/WEB@YANIS_OURABAH5220.jpg\" width=\"1100\" height=\"733\" alt=\"Featured image for \u201cMissions et engagements\u201d\" loading=\"lazy\"><\/span><\/figure><\/article><span class=\"x-particle is-primary\" data-x-particle=\"scale-x inside-t_r\" aria-hidden=\"true\"><span style=\"\"><\/span><\/span><span class=\"x-particle is-secondary\" data-x-particle=\"scale-y inside-t_r\" aria-hidden=\"true\"><span style=\"\"><\/span><\/span><\/a><a class=\"x-col has-particle e157-e13 m4d-e m4d-g m4d-5 m4d-6\" href=\"https:\/\/ccdd.univ-lyon1.fr\/?page_id=1375\" data-x-effect-provider=\"colors particles effects\"><article class=\"x-div e157-e14 m4d-h m4d-j m4d-l m4d-3\"><div class=\"x-text x-text-headline e157-e15 m4d-p\"><div class=\"x-text-content\"><div class=\"x-text-content-text\"><h2 class=\"x-text-content-text-primary\">L&rsquo;\u00e9quipe<\/h2>\n<\/div><\/div><\/div><figure class=\"x-div e157-e16 m4d-j m4d-k m4d-m m4d-3 m4d-4\" data-x-effect=\"{&quot;durationBase&quot;:&quot;650ms&quot;}\"><span class=\"x-image e157-e17 m4d-q\"><img decoding=\"async\" src=\"https:\/\/ccdd.univ-lyon1.fr\/wp-content\/uploads\/2025\/04\/WEB@YANIS_OURABAH5241.jpg\" width=\"1100\" height=\"733\" alt=\"Featured image for \u201cL&rsquo;\u00e9quipe\u201d\" loading=\"lazy\"><\/span><\/figure><\/article><span class=\"x-particle is-primary\" data-x-particle=\"scale-x inside-t_r\" aria-hidden=\"true\"><span style=\"\"><\/span><\/span><span class=\"x-particle is-secondary\" data-x-particle=\"scale-y inside-t_r\" aria-hidden=\"true\"><span style=\"\"><\/span><\/span><\/a><a class=\"x-col has-particle e157-e13 m4d-e m4d-g m4d-5 m4d-6\" href=\"https:\/\/ccdd.univ-lyon1.fr\/?page_id=1368\" data-x-effect-provider=\"colors particles effects\"><article class=\"x-div e157-e14 m4d-h m4d-j m4d-l m4d-3\"><div class=\"x-text x-text-headline e157-e15 m4d-p\"><div class=\"x-text-content\"><div class=\"x-text-content-text\"><h2 class=\"x-text-content-text-primary\">L&rsquo;\u00e9cosyst\u00e8me<\/h2>\n<\/div><\/div><\/div><figure class=\"x-div e157-e16 m4d-j m4d-k m4d-m m4d-3 m4d-4\" data-x-effect=\"{&quot;durationBase&quot;:&quot;650ms&quot;}\"><span class=\"x-image e157-e17 m4d-q\"><img decoding=\"async\" src=\"https:\/\/ccdd.univ-lyon1.fr\/wp-content\/uploads\/2025\/07\/5-Travaux-Data-center-17-decembre-2024-6.jpg\" width=\"450\" height=\"300\" alt=\"Featured image for \u201cL&rsquo;\u00e9cosyst\u00e8me\u201d\" loading=\"lazy\"><\/span><\/figure><\/article><span class=\"x-particle is-primary\" data-x-particle=\"scale-x inside-t_r\" aria-hidden=\"true\"><span style=\"\"><\/span><\/span><span class=\"x-particle is-secondary\" data-x-particle=\"scale-y inside-t_r\" aria-hidden=\"true\"><span style=\"\"><\/span><\/span><\/a><a class=\"x-col has-particle e157-e13 m4d-e m4d-g m4d-5 m4d-6\" href=\"https:\/\/ccdd.univ-lyon1.fr\/?page_id=896\" data-x-effect-provider=\"colors particles effects\"><article class=\"x-div e157-e14 m4d-h m4d-j m4d-l m4d-3\"><div class=\"x-text x-text-headline e157-e15 m4d-p\"><div class=\"x-text-content\"><div class=\"x-text-content-text\"><h2 class=\"x-text-content-text-primary\">Actualit\u00e9s &#038; blog<\/h2>\n<\/div><\/div><\/div><figure class=\"x-div e157-e16 m4d-j m4d-k m4d-m m4d-3 m4d-4\" data-x-effect=\"{&quot;durationBase&quot;:&quot;650ms&quot;}\"><span class=\"x-image e157-e17 m4d-q\"><img decoding=\"async\" src=\"https:\/\/ccdd.univ-lyon1.fr\/wp-content\/uploads\/2025\/04\/WEB@YANIS_OURABAH5224.jpg\" width=\"733\" height=\"1100\" alt=\"Featured image for \u201cActualit\u00e9s &#038; blog\u201d\" loading=\"lazy\"><\/span><\/figure><\/article><span class=\"x-particle is-primary\" data-x-particle=\"scale-x inside-t_r\" aria-hidden=\"true\"><span style=\"\"><\/span><\/span><span class=\"x-particle is-secondary\" data-x-particle=\"scale-y inside-t_r\" aria-hidden=\"true\"><span style=\"\"><\/span><\/span><\/a><\/div><\/div><\/div><\/div><\/div><\/div><\/div>\n","protected":false},"excerpt":{"rendered":"<p>HomeNous conna\u00eetre Missions et engagements L&rsquo;\u00e9quipe L&rsquo;\u00e9cosyst\u00e8me Actualit\u00e9s &#038; blog<\/p>\n","protected":false},"author":3,"featured_media":0,"parent":0,"menu_order":1,"comment_status":"closed","ping_status":"closed","template":"template-blank-4.php","meta":{"footnotes":""},"class_list":["post-157","page","type-page","status-publish","hentry","no-post-thumbnail"],"_links":{"self":[{"href":"https:\/\/ccdd.univ-lyon1.fr\/index.php?rest_route=\/wp\/v2\/pages\/157","targetHints":{"allow":["GET"]}}],"collection":[{"href":"https:\/\/ccdd.univ-lyon1.fr\/index.php?rest_route=\/wp\/v2\/pages"}],"about":[{"href":"https:\/\/ccdd.univ-lyon1.fr\/index.php?rest_route=\/wp\/v2\/types\/page"}],"author":[{"embeddable":true,"href":"https:\/\/ccdd.univ-lyon1.fr\/index.php?rest_route=\/wp\/v2\/users\/3"}],"replies":[{"embeddable":true,"href":"https:\/\/ccdd.univ-lyon1.fr\/index.php?rest_route=%2Fwp%2Fv2%2Fcomments&post=157"}],"version-history":[{"count":117,"href":"https:\/\/ccdd.univ-lyon1.fr\/index.php?rest_route=\/wp\/v2\/pages\/157\/revisions"}],"predecessor-version":[{"id":1409,"href":"https:\/\/ccdd.univ-lyon1.fr\/index.php?rest_route=\/wp\/v2\/pages\/157\/revisions\/1409"}],"wp:attachment":[{"href":"https:\/\/ccdd.univ-lyon1.fr\/index.php?rest_route=%2Fwp%2Fv2%2Fmedia&parent=157"}],"curies":[{"name":"wp","href":"https:\/\/api.w.org\/{rel}","templated":true}]}}