{"id":224,"date":"2025-05-28T15:55:25","date_gmt":"2025-05-28T13:55:25","guid":{"rendered":"https:\/\/ccdd.univ-lyon1.fr\/?page_id=224"},"modified":"2025-09-25T23:38:47","modified_gmt":"2025-09-25T21:38:47","slug":"contact","status":"publish","type":"page","link":"https:\/\/ccdd.univ-lyon1.fr\/?page_id=224","title":{"rendered":"Contact"},"content":{"rendered":"<div id=\"cs-content\" class=\"cs-content\"><div class=\"x-section e224-e1 m68-0 m68-1 m68-2 m68-3\"><div class=\"x-row e224-e2 m68-9 m68-b m68-c\"><div class=\"x-row-inner\"><div class=\"x-col e224-e3 m68-g m68-h\"><div class=\"x-div e224-e4 m68-k m68-l m68-m m68-n\"><div class=\"x-div e224-e5 m68-k m68-l m68-m m68-n\"><a class=\"x-div e224-e6 m68-m m68-n\" href=\"https:\/\/ccdd.univ-lyon1.fr\/\"><div class=\"x-text x-content e224-e7 m68-p m68-q m68-r m68-s\">Home<\/div><\/a><\/div><\/div><\/div><\/div><\/div><\/div><div class=\"x-section e224-e9 m68-0 m68-2 m68-3 m68-4 m68-5\"><div class=\"x-row x-container max width e224-e10 m68-9 m68-b m68-d\"><div class=\"x-row-inner\"><div class=\"x-col e224-e11 m68-g m68-h\"><div class=\"x-text x-text-headline e224-e12 m68-10 m68-11 m68-12\"><div class=\"x-text-content\"><div class=\"x-text-content-text\"><h1 class=\"x-text-content-text-primary\">Contact<\/h1>\n<\/div><\/div><\/div><\/div><\/div><\/div><\/div><div class=\"x-section e224-e13 m68-0 m68-3 m68-5 m68-6 m68-7\"><div class=\"x-row x-container max width e224-e14 m68-9 m68-b m68-e\"><div class=\"x-row-inner\"><div class=\"x-col e224-e15 m68-g m68-h\"><div class=\"x-grid x-container max width e224-e16 m68-16\"><div class=\"x-cell e224-e17 m68-17 m68-18\"><div class=\"x-bg\"><div class=\"x-bg-layer-lower-img\"><img decoding=\"async\" src=\"https:\/\/ccdd.univ-lyon1.fr\/wp-content\/uploads\/2025\/05\/WEB@YANIS_OURABAH5225-e1746622397138.jpg\" alt=\"Image\" loading=\"lazy\" style=\"object-fit: cover; object-position: center;\"\/><\/div><\/div><\/div><div class=\"x-cell e224-e18 m68-18 m68-19\"><div class=\"x-text x-text-headline e224-e19 m68-10 m68-13 m68-14\"><div class=\"x-text-content\"><div class=\"x-text-content-text\"><h2 class=\"x-text-content-text-primary\">INFORMATION ET DEVIS<\/h2>\n<\/div><\/div><\/div><div class=\"x-text x-content e224-e20 m68-p m68-q m68-s m68-t m68-u\"><p>ccdd@univ-lyon1.fr<\/p><\/div><\/div><\/div><\/div><div class=\"x-col e224-e21 m68-h m68-i\"><div class=\"x-text x-text-headline e224-e22 m68-10 m68-12 m68-13 m68-15\"><div class=\"x-text-content\"><div class=\"x-text-content-text\"><h2 class=\"x-text-content-text-primary\">NOUS TROUVER<\/h2>\n<\/div><\/div><\/div><div class=\"x-text x-content e224-e23 m68-p m68-q m68-t m68-v m68-w\"><p>Centre de Calcul et de Donn&eacute;es Lyon Tech-la Doua<br \/>31, avenue Pierre de Coubertin<br \/>69100 Villeurbanne<\/p>\n<p>Le campus est situ&eacute; au nord de Villeurbanne<br \/>Il est desservi par les lignes de tramway T1 et T4<br \/>&Agrave; 15 min en transport de la gare Lyon Part-Dieu<\/p>\n<p>Accessible par l&rsquo;A46<\/p><\/div><div class=\"x-div e224-e24 m68-k m68-m m68-o\"><i class=\"x-icon e224-e25 m68-y\" aria-hidden=\"true\" data-x-icon-s=\"&#xf3c5;\"><\/i><div class=\"x-text x-content e224-e26 m68-q m68-t m68-w m68-x\"><a href=\"https:\/\/g.co\/kgs\/XnQhEhF\">Google maps<\/a><\/div><\/div><\/div><\/div><\/div><\/div><div class=\"x-section e224-e27 m68-0 m68-5 m68-6 m68-8\"><div class=\"x-row x-container max width e224-e28 m68-9 m68-a m68-b m68-f\"><div class=\"x-row-inner\"><div class=\"x-col e224-e29 m68-g m68-h\"><div class=\"x-text x-text-headline e224-e30 m68-10 m68-12 m68-13 m68-15\"><div class=\"x-text-content\"><div class=\"x-text-content-text\"><h2 class=\"x-text-content-text-primary\">NOUS &Eacute;CRIRE<\/h2>\n<\/div><\/div><\/div><\/div><div class=\"x-col e224-e31 m68-g m68-h m68-j\"><div class=\"x-div e224-e32 m68-m m68-n\"><div class=\"x-form-integration x-form-integration-wpforms e224-e33 m68-1a\"><div class=\"wpforms-container wpforms-container-full wpforms-render-modern\" id=\"wpforms-382\"><form id=\"wpforms-form-382\" class=\"wpforms-validate wpforms-form wpforms-ajax-form\" data-formid=\"382\" method=\"post\" enctype=\"multipart\/form-data\" action=\"\/index.php?rest_route=%2Fwp%2Fv2%2Fpages%2F224\" data-token=\"340edd995c4554a59d0b5db03b13587f\" data-token-time=\"1776300450\"><noscript class=\"wpforms-error-noscript\">Veuillez activer JavaScript dans votre navigateur pour remplir ce formulaire.<\/noscript><div class=\"wpforms-hidden\" id=\"wpforms-error-noscript\">Veuillez activer JavaScript dans votre navigateur pour remplir ce formulaire.<\/div><div class=\"wpforms-field-container\"><div id=\"wpforms-382-field_1-container\" class=\"wpforms-field wpforms-field-name\" data-field-id=\"1\"><fieldset><legend class=\"wpforms-field-label\">Nom <span class=\"wpforms-required-label\" aria-hidden=\"true\">*<\/span><\/legend><div class=\"wpforms-field-row wpforms-field-medium\"><div class=\"wpforms-field-row-block wpforms-first wpforms-one-half\"><input type=\"text\" id=\"wpforms-382-field_1\" class=\"wpforms-field-name-first wpforms-field-required\" name=\"wpforms[fields][1][first]\" aria-errormessage=\"wpforms-382-field_1-error\" required><label for=\"wpforms-382-field_1\" class=\"wpforms-field-sublabel after\">Pr\u00e9nom<\/label><\/div><div class=\"wpforms-field-row-block wpforms-one-half\"><input type=\"text\" id=\"wpforms-382-field_1-last\" class=\"wpforms-field-name-last wpforms-field-required\" name=\"wpforms[fields][1][last]\" aria-errormessage=\"wpforms-382-field_1-last-error\" required><label for=\"wpforms-382-field_1-last\" class=\"wpforms-field-sublabel after\">Nom<\/label><\/div><\/div><\/fieldset><\/div><div id=\"wpforms-382-field_2-container\" class=\"wpforms-field wpforms-field-email\" data-field-id=\"2\"><label class=\"wpforms-field-label\" for=\"wpforms-382-field_2\">E-mail <span class=\"wpforms-required-label\" aria-hidden=\"true\">*<\/span><\/label><input type=\"email\" id=\"wpforms-382-field_2\" class=\"wpforms-field-medium wpforms-field-required\" name=\"wpforms[fields][2]\" spellcheck=\"false\" aria-errormessage=\"wpforms-382-field_2-error\" required><\/div><div id=\"wpforms-382-field_4-container\" class=\"wpforms-field wpforms-field-select wpforms-field-select-style-classic\" data-field-id=\"4\"><label class=\"wpforms-field-label\" for=\"wpforms-382-field_4\">Objet <span class=\"wpforms-required-label\" aria-hidden=\"true\">*<\/span><\/label><select id=\"wpforms-382-field_4\" class=\"wpforms-field-medium wpforms-field-required\" name=\"wpforms[fields][4]\" required=\"required\"><option value=\"Demande d&#039;information\" >Demande d&#039;information<\/option><option value=\"Incident\" >Incident<\/option><option value=\"Recrutement\" >Recrutement<\/option><option value=\"Autre\" >Autre<\/option><\/select><\/div><div id=\"wpforms-382-field_3-container\" class=\"wpforms-field wpforms-field-textarea\" data-field-id=\"3\"><label class=\"wpforms-field-label\" for=\"wpforms-382-field_3\">Votre message<\/label><textarea id=\"wpforms-382-field_3\" class=\"wpforms-field-large\" name=\"wpforms[fields][3]\" aria-errormessage=\"wpforms-382-field_3-error\" ><\/textarea><\/div><div id=\"wpforms-382-field_5-container\" class=\"wpforms-field wpforms-field-checkbox\" data-field-id=\"5\"><fieldset><legend class=\"wpforms-field-label\">RGPD  <span class=\"wpforms-required-label\" aria-hidden=\"true\">*<\/span><\/legend><ul id=\"wpforms-382-field_5\" class=\"wpforms-field-required\"><li class=\"choice-1 depth-1\"><input type=\"checkbox\" id=\"wpforms-382-field_5_1\" name=\"wpforms[fields][5][]\" value=\"En cochant cette case, j\u2019accepte que mes donn\u00e9es soient utilis\u00e9es pour r\u00e9pondre \u00e0 ma demande, conform\u00e9ment \u00e0 la Politique des donn\u00e9es.\" aria-errormessage=\"wpforms-382-field_5_1-error\" aria-describedby=\"wpforms-382-field_5-description\" required ><label class=\"wpforms-field-label-inline\" for=\"wpforms-382-field_5_1\">En cochant cette case, j\u2019accepte que mes donn\u00e9es soient utilis\u00e9es pour r\u00e9pondre \u00e0 ma demande, conform\u00e9ment \u00e0 la Politique des donn\u00e9es.<\/label><\/li><\/ul><div id=\"wpforms-382-field_5-description\" class=\"wpforms-field-description\">Mention RGPD \u00e0 cocher pour confirmation de prise de connaissance de la politique de confidentialit\u00e9 des donn\u00e9es.<\/div><\/fieldset><\/div><\/div><!-- .wpforms-field-container --><div class=\"wpforms-submit-container\" ><input type=\"hidden\" name=\"wpforms[id]\" value=\"382\"><input type=\"hidden\" name=\"page_title\" value=\"\"><input type=\"hidden\" name=\"page_url\" value=\"https:\/\/ccdd.univ-lyon1.fr\/index.php?rest_route=\/wp\/v2\/pages\/224\"><input type=\"hidden\" name=\"url_referer\" value=\"\"><button type=\"submit\" name=\"wpforms[submit]\" id=\"wpforms-submit-382\" class=\"wpforms-submit\" data-alt-text=\"Envoi...\" data-submit-text=\"Envoyer\" aria-live=\"assertive\" value=\"wpforms-submit\">Envoyer<\/button><img loading=\"lazy\" decoding=\"async\" src=\"https:\/\/ccdd.univ-lyon1.fr\/wp-content\/plugins\/wpforms-lite\/assets\/images\/submit-spin.svg\" class=\"wpforms-submit-spinner\" style=\"display: none;\" width=\"26\" height=\"26\" alt=\"Chargement en cours\"><\/div><\/form><\/div>  <!-- .wpforms-container --><\/div><\/div><\/div><\/div><\/div><\/div><span class=\"x-image e224-e34 m68-1b\"><img decoding=\"async\" src=\"https:\/\/ccdd.univ-lyon1.fr\/wp-content\/uploads\/2025\/05\/WEB@YANIS_OURABAH5305-e1749505813354.jpg\" width=\"2200\" height=\"930\" alt=\"plaque o\u00f9 est inscrit &quot;CCDD, 1\u00e8re pierre - 29 Novembre 2023&quot;\" loading=\"lazy\"><\/span><\/div>\n","protected":false},"excerpt":{"rendered":"<p>HomeContact INFORMATION ET DEVIS ccdd@univ-lyon1.frNOUS TROUVER Centre de Calcul et de Donn&eacute;es Lyon Tech-la Doua31, avenue Pierre de Coubertin69100 Villeurbanne Le campus est situ&eacute; au nord de VilleurbanneIl est desservi par les lignes de tramway T1 et T4&Agrave; 15 min en transport de la gare Lyon Part-Dieu Accessible par l&rsquo;A46Google mapsNOUS &Eacute;CRIRE Veuillez activer JavaScript dans votre navigateur pour remplir &#8230; <\/p>\n<div><a href=\"https:\/\/ccdd.univ-lyon1.fr\/?page_id=224\" class=\"more-link\">Read More<\/a><\/div>\n","protected":false},"author":3,"featured_media":0,"parent":0,"menu_order":7,"comment_status":"closed","ping_status":"closed","template":"template-blank-4.php","meta":{"footnotes":""},"class_list":["post-224","page","type-page","status-publish","hentry","no-post-thumbnail"],"_links":{"self":[{"href":"https:\/\/ccdd.univ-lyon1.fr\/index.php?rest_route=\/wp\/v2\/pages\/224","targetHints":{"allow":["GET"]}}],"collection":[{"href":"https:\/\/ccdd.univ-lyon1.fr\/index.php?rest_route=\/wp\/v2\/pages"}],"about":[{"href":"https:\/\/ccdd.univ-lyon1.fr\/index.php?rest_route=\/wp\/v2\/types\/page"}],"author":[{"embeddable":true,"href":"https:\/\/ccdd.univ-lyon1.fr\/index.php?rest_route=\/wp\/v2\/users\/3"}],"replies":[{"embeddable":true,"href":"https:\/\/ccdd.univ-lyon1.fr\/index.php?rest_route=%2Fwp%2Fv2%2Fcomments&post=224"}],"version-history":[{"count":20,"href":"https:\/\/ccdd.univ-lyon1.fr\/index.php?rest_route=\/wp\/v2\/pages\/224\/revisions"}],"predecessor-version":[{"id":1476,"href":"https:\/\/ccdd.univ-lyon1.fr\/index.php?rest_route=\/wp\/v2\/pages\/224\/revisions\/1476"}],"wp:attachment":[{"href":"https:\/\/ccdd.univ-lyon1.fr\/index.php?rest_route=%2Fwp%2Fv2%2Fmedia&parent=224"}],"curies":[{"name":"wp","href":"https:\/\/api.w.org\/{rel}","templated":true}]}}