{"id":608,"date":"2025-05-28T15:15:23","date_gmt":"2025-05-28T13:15:23","guid":{"rendered":"https:\/\/ccdd.univ-lyon1.fr\/politique-des-donnees-2\/"},"modified":"2025-09-24T15:01:03","modified_gmt":"2025-09-24T13:01:03","slug":"accessibilite","status":"publish","type":"page","link":"https:\/\/ccdd.univ-lyon1.fr\/?page_id=608","title":{"rendered":"Accessibilit\u00e9"},"content":{"rendered":"<div id=\"cs-content\" class=\"cs-content\"><div class=\"x-section e608-e1 mgw-0 mgw-1\"><div class=\"x-row e608-e2 mgw-3 mgw-4 mgw-5\"><div class=\"x-row-inner\"><div class=\"x-col e608-e3 mgw-8\"><div class=\"x-div e608-e4 mgw-9 mgw-a\"><div class=\"x-div e608-e5 mgw-9 mgw-a\"><a class=\"x-div e608-e6 mgw-a\" href=\"https:\/\/ccdd.univ-lyon1.fr\/\"><div class=\"x-text x-content e608-e7 mgw-b mgw-c\">Home<\/div><\/a><\/div><\/div><\/div><\/div><\/div><\/div><div class=\"x-section e608-e9 mgw-0 mgw-2\"><div class=\"x-row x-container max width e608-e10 mgw-3 mgw-4 mgw-6\"><div class=\"x-row-inner\"><div class=\"x-col e608-e11 mgw-8\"><div id=\"access\" class=\"x-text x-text-headline e608-e12 mgw-f mgw-g\"><div class=\"x-text-content\"><div class=\"x-text-content-text\"><h1 class=\"x-text-content-text-primary\">Accessibilit\u00e9<\/h1>\n<\/div><\/div><\/div><\/div><\/div><\/div><div class=\"x-row x-container max width e608-e13 mgw-3 mgw-4 mgw-7\"><div class=\"x-row-inner\"><div class=\"x-col e608-e14 mgw-8\"><div class=\"x-text x-text-headline e608-e15 mgw-g mgw-h\"><div class=\"x-text-content\"><div class=\"x-text-content-text\"><h2 class=\"x-text-content-text-primary\">Accessibilit&eacute; num&eacute;rique<\/h2>\n<\/div><\/div><\/div><div class=\"x-text x-content e608-e16 mgw-b mgw-d\"><p data-start=\"687\" data-end=\"957\">Nous nous engageons \u00e0 rendre notre site web accessible au plus grand nombre, y compris aux personnes en situation de handicap. Le site est con\u00e7u en respect des recommandations du <strong data-start=\"866\" data-end=\"930\">R\u00e9f\u00e9rentiel G\u00e9n\u00e9ral d'Am\u00e9lioration de l'Accessibilit\u00e9 (RGAA)<\/strong>, notamment en mati\u00e8re de :<\/p>\n\n<ul data-start=\"959\" data-end=\"1211\">\n \t<li data-start=\"959\" data-end=\"1022\">\n<p data-start=\"961\" data-end=\"1022\">Navigation clavier et compatibilit\u00e9 avec les lecteurs d\u2019\u00e9cran<\/p>\n<\/li>\n \t<li data-start=\"1023\" data-end=\"1083\">\n<p data-start=\"1025\" data-end=\"1083\">Contrastes de couleurs et taille des caract\u00e8res ajustables<\/p>\n<\/li>\n \t<li data-start=\"1084\" data-end=\"1146\">\n<p data-start=\"1086\" data-end=\"1146\">Structuration claire des contenus (titres, listes, tableaux)<\/p>\n<\/li>\n \t<li data-start=\"1147\" data-end=\"1211\">\n<p data-start=\"1149\" data-end=\"1211\">Alternatives textuelles aux images et aux \u00e9l\u00e9ments multim\u00e9dias<\/p>\n<\/li>\n<\/ul>\n<p data-start=\"1213\" data-end=\"1374\">Si vous rencontrez des difficult\u00e9s pour naviguer sur notre site, n'h\u00e9sitez pas \u00e0 nous contacter \u00e0 l\u2019adresse suivante :<a href=\"mailto:ccdd@univ-lyon1.fr\"> ccdd@univ-lyon1.fr<\/a><\/p><\/div><div class=\"x-text x-text-headline e608-e17 mgw-g mgw-h\"><div class=\"x-text-content\"><div class=\"x-text-content-text\"><h2 class=\"x-text-content-text-primary\">Une d\u00e9marche d\u2019am\u00e9lioration continue<\/h2>\n<\/div><\/div><\/div><div class=\"x-text x-content e608-e18 mgw-b mgw-d\"><p data-start=\"1915\" data-end=\"2142\">L\u2019accessibilit\u00e9 est une priorit\u00e9 durable. En attente de d\u00e9claration d'accessibilit\u00e9, nous travaillons pour \u00e9valuer r\u00e9guli\u00e8rement nos dispositifs et am\u00e9liorer nos pratiques.<\/p>\n<p data-start=\"2144\" data-end=\"2298\">Votre avis nous aide \u00e0 progresser. Faites-nous part de vos suggestions ou de vos besoins particuliers \u00e0 : <a href=\"mailto:ccdd@univ-lyon1.fr\">ccdd@univ-lyon1.fr<\/a><\/p><\/div><\/div><\/div><\/div><\/div><\/div>\n","protected":false},"excerpt":{"rendered":"<p>HomeAccessibilit\u00e9 Accessibilit&eacute; num&eacute;rique Nous nous engageons \u00e0 rendre notre site web accessible au plus grand nombre, y compris aux personnes en situation de handicap. Le site est con\u00e7u en respect des recommandations du R\u00e9f\u00e9rentiel G\u00e9n\u00e9ral d&rsquo;Am\u00e9lioration de l&rsquo;Accessibilit\u00e9 (RGAA), notamment en mati\u00e8re de : Navigation clavier et compatibilit\u00e9 avec les lecteurs d\u2019\u00e9cran Contrastes de couleurs et taille des caract\u00e8res ajustables &#8230; <\/p>\n<div><a href=\"https:\/\/ccdd.univ-lyon1.fr\/?page_id=608\" class=\"more-link\">Read More<\/a><\/div>\n","protected":false},"author":3,"featured_media":0,"parent":0,"menu_order":10,"comment_status":"closed","ping_status":"closed","template":"template-blank-4.php","meta":{"footnotes":""},"class_list":["post-608","page","type-page","status-publish","hentry","no-post-thumbnail"],"_links":{"self":[{"href":"https:\/\/ccdd.univ-lyon1.fr\/index.php?rest_route=\/wp\/v2\/pages\/608","targetHints":{"allow":["GET"]}}],"collection":[{"href":"https:\/\/ccdd.univ-lyon1.fr\/index.php?rest_route=\/wp\/v2\/pages"}],"about":[{"href":"https:\/\/ccdd.univ-lyon1.fr\/index.php?rest_route=\/wp\/v2\/types\/page"}],"author":[{"embeddable":true,"href":"https:\/\/ccdd.univ-lyon1.fr\/index.php?rest_route=\/wp\/v2\/users\/3"}],"replies":[{"embeddable":true,"href":"https:\/\/ccdd.univ-lyon1.fr\/index.php?rest_route=%2Fwp%2Fv2%2Fcomments&post=608"}],"version-history":[{"count":17,"href":"https:\/\/ccdd.univ-lyon1.fr\/index.php?rest_route=\/wp\/v2\/pages\/608\/revisions"}],"predecessor-version":[{"id":1101,"href":"https:\/\/ccdd.univ-lyon1.fr\/index.php?rest_route=\/wp\/v2\/pages\/608\/revisions\/1101"}],"wp:attachment":[{"href":"https:\/\/ccdd.univ-lyon1.fr\/index.php?rest_route=%2Fwp%2Fv2%2Fmedia&parent=608"}],"curies":[{"name":"wp","href":"https:\/\/api.w.org\/{rel}","templated":true}]}}