{"id":896,"date":"2025-06-10T00:29:23","date_gmt":"2025-06-09T22:29:23","guid":{"rendered":"https:\/\/ccdd.univ-lyon1.fr\/contact-2\/"},"modified":"2025-10-07T11:02:57","modified_gmt":"2025-10-07T09:02:57","slug":"actualites-blog","status":"publish","type":"page","link":"https:\/\/ccdd.univ-lyon1.fr\/?page_id=896","title":{"rendered":"Actualit\u00e9s &#038; blog"},"content":{"rendered":"<div id=\"cs-content\" class=\"cs-content\"><div class=\"x-section e896-e1 mow-0 mow-1 mow-2\"><div class=\"x-row e896-e2 mow-9 mow-a mow-b mow-e mow-f\"><div class=\"x-row-inner\"><div class=\"x-col e896-e3 mow-j mow-k\"><div class=\"x-div e896-e4 mow-m mow-n mow-o mow-p mow-q mow-r mow-s mow-t mow-u\"><div class=\"x-div e896-e5 mow-m mow-n mow-o mow-p mow-q mow-r mow-s mow-t mow-u\"><a class=\"x-div e896-e6 mow-q mow-r mow-s mow-t mow-u\" href=\"https:\/\/ccdd.univ-lyon1.fr\/\"><div class=\"x-text x-content e896-e7 mow-10 mow-11 mow-12 mow-13\">Home<\/div><\/a><\/div><\/div><\/div><\/div><\/div><\/div><div class=\"x-section e896-e9 mow-0 mow-2 mow-3 mow-4\"><div class=\"x-row x-container max width e896-e10 mow-9 mow-a mow-b mow-e mow-g\"><div class=\"x-row-inner\"><div class=\"x-col e896-e11 mow-j mow-k\"><div class=\"x-text x-text-headline e896-e12 mow-18 mow-19\"><div class=\"x-text-content\"><div class=\"x-text-content-text\"><h1 class=\"x-text-content-text-primary\">Actualit\u00e9s &#038; blog<\/h1>\n<\/div><\/div><\/div><\/div><\/div><\/div><\/div><div class=\"x-section e896-e13 mow-0 mow-4 mow-5\"><div class=\"x-row x-container max width e896-e14 mow-9 mow-a mow-c mow-h\"><div class=\"x-row-inner\"><div class=\"x-col e896-e15 mow-j mow-k\"><div class=\"x-row e896-e16 mow-9 mow-d mow-i\"><div class=\"x-row-inner\"><a class=\"x-col e896-e17 mow-j mow-l mow-6 mow-7\" href=\"https:\/\/ccdd.univ-lyon1.fr\/?p=1598\" data-x-effect-provider=\"colors particles effects\" data-x-effect=\"{&quot;durationBase&quot;:&quot;400ms&quot;}\"><figure class=\"x-div e896-e18 mow-q mow-s mow-u mow-v\"><div class=\"x-div e896-e19 mow-m mow-n mow-p mow-q mow-r mow-s mow-t mow-u mow-w mow-x\"><div class=\"x-div e896-e20 mow-m mow-n mow-o mow-p mow-q mow-r mow-s mow-t mow-u\"><div class=\"x-div e896-e21 mow-m mow-n mow-q mow-r mow-s mow-w mow-y\"><span class=\"x-anchor x-anchor-button e896-e22 mow-1b mow-1c\" tabindex=\"0\"><div class=\"x-anchor-content\"><div class=\"x-anchor-text\"><span class=\"x-anchor-text-primary\">Les coulisses du CCDD<\/span><\/div><\/div><\/span><\/div><\/div><\/div><span class=\"x-image e896-e24 mow-1e\"><img decoding=\"async\" src=\"https:\/\/ccdd.univ-lyon1.fr\/wp-content\/uploads\/2025\/10\/copyright-Eric-Le-Roux-Direction-communication-Pilotage-drone-Philippe-Grandjean-Sylvain-Augier-UCBL-1-scaled.jpg\" width=\"1280\" height=\"852\" alt=\"Featured image for \u201cCampus Lyon Tech &#8211; La Doua\u00a0: Petite histoire de la donn\u00e9e\u201d\" loading=\"lazy\"><\/span><\/figure><article class=\"x-div e896-e25 mow-m mow-p mow-r mow-s mow-t mow-u mow-z\"><div class=\"x-text x-text-headline e896-e26 mow-19 mow-1a mow-6 mow-8\"><div class=\"x-text-content\"><div class=\"x-text-content-text\"><h2 class=\"x-text-content-text-primary\">Campus Lyon Tech &#8211; La Doua\u00a0: Petite histoire de la donn\u00e9e<\/h2>\n<\/div><\/div><\/div><div class=\"x-text x-content e896-e27 mow-11 mow-13 mow-14 mow-16\">La donn\u00e9e est aujourd\u2019hui au c\u0153ur de l\u2019activit\u00e9 scientifique, p\u00e9dagogique et strat\u00e9gique des \u00e9tablissements d\u2019enseignement sup\u00e9rieur. Sur le campus Lyon&hellip;<\/div><hr class=\"x-line e896-e28 mow-1f\"\/><span class=\"x-anchor x-anchor-button has-graphic e896-e29 mow-1b mow-1d\" tabindex=\"0\"><div class=\"x-anchor-content\"><span class=\"x-graphic\" aria-hidden=\"true\"><i class=\"x-icon x-graphic-child x-graphic-icon x-graphic-primary\" aria-hidden=\"true\" data-x-icon-o=\"&#xf105;\"><\/i><\/span><div class=\"x-anchor-text\"><span class=\"x-anchor-text-primary\">Lire l'article<\/span><\/div><\/div><\/span><\/article><\/a><a class=\"x-col e896-e17 mow-j mow-l mow-6 mow-7\" href=\"https:\/\/ccdd.univ-lyon1.fr\/?p=1541\" data-x-effect-provider=\"colors particles effects\" data-x-effect=\"{&quot;durationBase&quot;:&quot;400ms&quot;}\"><figure class=\"x-div e896-e18 mow-q mow-s mow-u mow-v\"><div class=\"x-div e896-e19 mow-m mow-n mow-p mow-q mow-r mow-s mow-t mow-u mow-w mow-x\"><div class=\"x-div e896-e20 mow-m mow-n mow-o mow-p mow-q mow-r mow-s mow-t mow-u\"><div class=\"x-div e896-e21 mow-m mow-n mow-q mow-r mow-s mow-w mow-y\"><span class=\"x-anchor x-anchor-button e896-e22 mow-1b mow-1c\" tabindex=\"0\"><div class=\"x-anchor-content\"><div class=\"x-anchor-text\"><span class=\"x-anchor-text-primary\">D\u00e9cryptage<\/span><\/div><\/div><\/span><\/div><\/div><\/div><span class=\"x-image e896-e24 mow-1e\"><img decoding=\"async\" src=\"https:\/\/ccdd.univ-lyon1.fr\/wp-content\/uploads\/2025\/10\/business-concept-glass-world-laptop-scaled.jpg\" width=\"1280\" height=\"853\" alt=\"Featured image for \u201cLes niveaux Tier ? Un standard international pour mesurer la fiabilit\u00e9 des data centers\u201d\" loading=\"lazy\"><\/span><\/figure><article class=\"x-div e896-e25 mow-m mow-p mow-r mow-s mow-t mow-u mow-z\"><div class=\"x-text x-text-headline e896-e26 mow-19 mow-1a mow-6 mow-8\"><div class=\"x-text-content\"><div class=\"x-text-content-text\"><h2 class=\"x-text-content-text-primary\">Les niveaux Tier ? Un standard international pour mesurer la fiabilit\u00e9 des data centers<\/h2>\n<\/div><\/div><\/div><div class=\"x-text x-content e896-e27 mow-11 mow-13 mow-14 mow-16\">D\u00e9couvrez ce guide simple et concret pour comprendre la classification des datacenters. La fiabilit\u00e9 d\u2019un data center ne se limite&hellip;<\/div><hr class=\"x-line e896-e28 mow-1f\"\/><span class=\"x-anchor x-anchor-button has-graphic e896-e29 mow-1b mow-1d\" tabindex=\"0\"><div class=\"x-anchor-content\"><span class=\"x-graphic\" aria-hidden=\"true\"><i class=\"x-icon x-graphic-child x-graphic-icon x-graphic-primary\" aria-hidden=\"true\" data-x-icon-o=\"&#xf105;\"><\/i><\/span><div class=\"x-anchor-text\"><span class=\"x-anchor-text-primary\">Lire l'article<\/span><\/div><\/div><\/span><\/article><\/a><a class=\"x-col e896-e17 mow-j mow-l mow-6 mow-7\" href=\"https:\/\/ccdd.univ-lyon1.fr\/?p=394\" data-x-effect-provider=\"colors particles effects\" data-x-effect=\"{&quot;durationBase&quot;:&quot;400ms&quot;}\"><figure class=\"x-div e896-e18 mow-q mow-s mow-u mow-v\"><div class=\"x-div e896-e19 mow-m mow-n mow-p mow-q mow-r mow-s mow-t mow-u mow-w mow-x\"><div class=\"x-div e896-e20 mow-m mow-n mow-o mow-p mow-q mow-r mow-s mow-t mow-u\"><div class=\"x-div e896-e21 mow-m mow-n mow-q mow-r mow-s mow-w mow-y\"><span class=\"x-anchor x-anchor-button e896-e22 mow-1b mow-1c\" tabindex=\"0\"><div class=\"x-anchor-content\"><div class=\"x-anchor-text\"><span class=\"x-anchor-text-primary\">D\u00e9cryptage<\/span><\/div><\/div><\/span><\/div><\/div><\/div><span class=\"x-image e896-e24 mow-1e\"><img decoding=\"async\" src=\"https:\/\/ccdd.univ-lyon1.fr\/wp-content\/uploads\/2025\/05\/5-Travaux-Data-center-17-decembre-2024-6-scaled.jpg\" width=\"1280\" height=\"853\" alt=\"Featured image for \u201cDes murs qui se racontent : Pour une science (pas) de fa\u00e7ade\u201d\" loading=\"lazy\"><\/span><\/figure><article class=\"x-div e896-e25 mow-m mow-p mow-r mow-s mow-t mow-u mow-z\"><div class=\"x-text x-text-headline e896-e26 mow-19 mow-1a mow-6 mow-8\"><div class=\"x-text-content\"><div class=\"x-text-content-text\"><h2 class=\"x-text-content-text-primary\">Des murs qui se racontent : Pour une science (pas) de fa\u00e7ade<\/h2>\n<\/div><\/div><\/div><div class=\"x-text x-content e896-e27 mow-11 mow-13 mow-14 mow-16\">Le CCDD se dote d&rsquo;une identit\u00e9 graphique matric\u00e9e dans b\u00e9ton de sa fa\u00e7ade. R\u00e9alis\u00e9e par l\u2019agence graphique Artkas en collaboration&hellip;<\/div><hr class=\"x-line e896-e28 mow-1f\"\/><span class=\"x-anchor x-anchor-button has-graphic e896-e29 mow-1b mow-1d\" tabindex=\"0\"><div class=\"x-anchor-content\"><span class=\"x-graphic\" aria-hidden=\"true\"><i class=\"x-icon x-graphic-child x-graphic-icon x-graphic-primary\" aria-hidden=\"true\" data-x-icon-o=\"&#xf105;\"><\/i><\/span><div class=\"x-anchor-text\"><span class=\"x-anchor-text-primary\">Lire l'article<\/span><\/div><\/div><\/span><\/article><\/a><a class=\"x-col e896-e17 mow-j mow-l mow-6 mow-7\" href=\"https:\/\/ccdd.univ-lyon1.fr\/?p=143\" data-x-effect-provider=\"colors particles effects\" data-x-effect=\"{&quot;durationBase&quot;:&quot;400ms&quot;}\"><figure class=\"x-div e896-e18 mow-q mow-s mow-u mow-v\"><div class=\"x-div e896-e19 mow-m mow-n mow-p mow-q mow-r mow-s mow-t mow-u mow-w mow-x\"><div class=\"x-div e896-e20 mow-m mow-n mow-o mow-p mow-q mow-r mow-s mow-t mow-u\"><div class=\"x-div e896-e21 mow-m mow-n mow-q mow-r mow-s mow-w mow-y\"><span class=\"x-anchor x-anchor-button e896-e22 mow-1b mow-1c\" tabindex=\"0\"><div class=\"x-anchor-content\"><div class=\"x-anchor-text\"><span class=\"x-anchor-text-primary\">Les coulisses du CCDD<\/span><\/div><\/div><\/span><\/div><\/div><\/div><span class=\"x-image e896-e24 mow-1e\"><img decoding=\"async\" src=\"https:\/\/ccdd.univ-lyon1.fr\/wp-content\/uploads\/2025\/03\/WEB@YANIS_OURABAH5237.jpg\" width=\"1100\" height=\"733\" alt=\"Featured image for \u201cEco-conception : Construction du Centre de Calcul et de Donn\u00e9es Lyon Tech-la Doua\u201d\" loading=\"lazy\"><\/span><\/figure><article class=\"x-div e896-e25 mow-m mow-p mow-r mow-s mow-t mow-u mow-z\"><div class=\"x-text x-text-headline e896-e26 mow-19 mow-1a mow-6 mow-8\"><div class=\"x-text-content\"><div class=\"x-text-content-text\"><h2 class=\"x-text-content-text-primary\">Eco-conception : Construction du Centre de Calcul et de Donn\u00e9es Lyon Tech-la Doua<\/h2>\n<\/div><\/div><\/div><div class=\"x-text x-content e896-e27 mow-11 mow-13 mow-14 mow-16\">D\u00e9couvrez la construction du CCDD \u00e0 travers une ann\u00e9e de chantier.&hellip;<\/div><hr class=\"x-line e896-e28 mow-1f\"\/><span class=\"x-anchor x-anchor-button has-graphic e896-e29 mow-1b mow-1d\" tabindex=\"0\"><div class=\"x-anchor-content\"><span class=\"x-graphic\" aria-hidden=\"true\"><i class=\"x-icon x-graphic-child x-graphic-icon x-graphic-primary\" aria-hidden=\"true\" data-x-icon-o=\"&#xf105;\"><\/i><\/span><div class=\"x-anchor-text\"><span class=\"x-anchor-text-primary\">Lire l'article<\/span><\/div><\/div><\/span><\/article><\/a><a class=\"x-col e896-e17 mow-j mow-l mow-6 mow-7\" href=\"https:\/\/ccdd.univ-lyon1.fr\/?p=1336\" data-x-effect-provider=\"colors particles effects\" data-x-effect=\"{&quot;durationBase&quot;:&quot;400ms&quot;}\"><figure class=\"x-div e896-e18 mow-q mow-s mow-u mow-v\"><div class=\"x-div e896-e19 mow-m mow-n mow-p mow-q mow-r mow-s mow-t mow-u mow-w mow-x\"><div class=\"x-div e896-e20 mow-m mow-n mow-o mow-p mow-q mow-r mow-s mow-t mow-u\"><div class=\"x-div e896-e21 mow-m mow-n mow-q mow-r mow-s mow-w mow-y\"><span class=\"x-anchor x-anchor-button e896-e22 mow-1b mow-1c\" tabindex=\"0\"><div class=\"x-anchor-content\"><div class=\"x-anchor-text\"><span class=\"x-anchor-text-primary\">\u00c9v\u00e9nements<\/span><\/div><\/div><\/span><\/div><\/div><\/div><span class=\"x-image e896-e24 mow-1e\"><img decoding=\"async\" src=\"https:\/\/ccdd.univ-lyon1.fr\/wp-content\/uploads\/2025\/07\/ccdd-pose-2-1.png\" width=\"300\" height=\"200\" alt=\"Featured image for \u201cPose de la 1\u00e8re pierre\u201d\" loading=\"lazy\"><\/span><\/figure><article class=\"x-div e896-e25 mow-m mow-p mow-r mow-s mow-t mow-u mow-z\"><div class=\"x-text x-text-headline e896-e26 mow-19 mow-1a mow-6 mow-8\"><div class=\"x-text-content\"><div class=\"x-text-content-text\"><h2 class=\"x-text-content-text-primary\">Pose de la 1\u00e8re pierre<\/h2>\n<\/div><\/div><\/div><div class=\"x-text x-content e896-e27 mow-11 mow-13 mow-14 mow-16\">Retour en images de la pose de la 1\u00e8re pierre du Centre de Calcul et de Donn\u00e9es Lyon Tech-la Doua&hellip;<\/div><hr class=\"x-line e896-e28 mow-1f\"\/><span class=\"x-anchor x-anchor-button has-graphic e896-e29 mow-1b mow-1d\" tabindex=\"0\"><div class=\"x-anchor-content\"><span class=\"x-graphic\" aria-hidden=\"true\"><i class=\"x-icon x-graphic-child x-graphic-icon x-graphic-primary\" aria-hidden=\"true\" data-x-icon-o=\"&#xf105;\"><\/i><\/span><div class=\"x-anchor-text\"><span class=\"x-anchor-text-primary\">Lire l'article<\/span><\/div><\/div><\/span><\/article><\/a><\/div><\/div><\/div><\/div><\/div><\/div><\/div>\n","protected":false},"excerpt":{"rendered":"<p>HomeActualit\u00e9s &#038; blog Les coulisses du CCDDCampus Lyon Tech &#8211; La Doua\u00a0: Petite histoire de la donn\u00e9e La donn\u00e9e est aujourd\u2019hui au c\u0153ur de l\u2019activit\u00e9 scientifique, p\u00e9dagogique et strat\u00e9gique des \u00e9tablissements d\u2019enseignement sup\u00e9rieur. Sur le campus Lyon&hellip;Lire l&rsquo;articleD\u00e9cryptageLes niveaux Tier ? Un standard international pour mesurer la fiabilit\u00e9 des data centers D\u00e9couvrez ce guide simple et concret pour comprendre la &#8230; <\/p>\n<div><a href=\"https:\/\/ccdd.univ-lyon1.fr\/?page_id=896\" class=\"more-link\">Read More<\/a><\/div>\n","protected":false},"author":3,"featured_media":282,"parent":157,"menu_order":5,"comment_status":"closed","ping_status":"closed","template":"template-blank-4.php","meta":{"footnotes":""},"class_list":["post-896","page","type-page","status-publish","has-post-thumbnail","hentry"],"_links":{"self":[{"href":"https:\/\/ccdd.univ-lyon1.fr\/index.php?rest_route=\/wp\/v2\/pages\/896","targetHints":{"allow":["GET"]}}],"collection":[{"href":"https:\/\/ccdd.univ-lyon1.fr\/index.php?rest_route=\/wp\/v2\/pages"}],"about":[{"href":"https:\/\/ccdd.univ-lyon1.fr\/index.php?rest_route=\/wp\/v2\/types\/page"}],"author":[{"embeddable":true,"href":"https:\/\/ccdd.univ-lyon1.fr\/index.php?rest_route=\/wp\/v2\/users\/3"}],"replies":[{"embeddable":true,"href":"https:\/\/ccdd.univ-lyon1.fr\/index.php?rest_route=%2Fwp%2Fv2%2Fcomments&post=896"}],"version-history":[{"count":11,"href":"https:\/\/ccdd.univ-lyon1.fr\/index.php?rest_route=\/wp\/v2\/pages\/896\/revisions"}],"predecessor-version":[{"id":1400,"href":"https:\/\/ccdd.univ-lyon1.fr\/index.php?rest_route=\/wp\/v2\/pages\/896\/revisions\/1400"}],"up":[{"embeddable":true,"href":"https:\/\/ccdd.univ-lyon1.fr\/index.php?rest_route=\/wp\/v2\/pages\/157"}],"wp:featuredmedia":[{"embeddable":true,"href":"https:\/\/ccdd.univ-lyon1.fr\/index.php?rest_route=\/wp\/v2\/media\/282"}],"wp:attachment":[{"href":"https:\/\/ccdd.univ-lyon1.fr\/index.php?rest_route=%2Fwp%2Fv2%2Fmedia&parent=896"}],"curies":[{"name":"wp","href":"https:\/\/api.w.org\/{rel}","templated":true}]}}