{"id":997,"date":"2025-06-11T16:31:54","date_gmt":"2025-06-11T14:31:54","guid":{"rendered":"https:\/\/ccdd.univ-lyon1.fr\/nos-infrastructures-2-2\/"},"modified":"2025-10-06T16:03:16","modified_gmt":"2025-10-06T14:03:16","slug":"carrieres","status":"publish","type":"page","link":"https:\/\/ccdd.univ-lyon1.fr\/?page_id=997","title":{"rendered":"Carri\u00e8res"},"content":{"rendered":"<div id=\"cs-content\" class=\"cs-content\"><div class=\"x-section e997-e1 mrp-0 mrp-1 mrp-2 mrp-3 mrp-4\"><div class=\"x-row e997-e2 mrp-h mrp-i mrp-o mrp-p\"><div class=\"x-row-inner\"><div class=\"x-col e997-e3 mrp-y\"><div class=\"x-div e997-e4 mrp-10 mrp-11 mrp-12\"><div class=\"x-div e997-e5 mrp-10 mrp-11\"><a class=\"x-div e997-e6 mrp-11\" href=\"https:\/\/ccdd.univ-lyon1.fr\/\"><div class=\"x-text x-content e997-e7 mrp-13 mrp-14 mrp-15 mrp-16 mrp-17\">Home<\/div><\/a><\/div><\/div><\/div><\/div><\/div><\/div><div class=\"x-section e997-e9 mrp-0 mrp-1 mrp-3 mrp-5 mrp-6\"><div class=\"x-row x-container max width e997-e10 mrp-h mrp-i mrp-j mrp-o mrp-q\"><div class=\"x-row-inner\"><div class=\"x-col e997-e11 mrp-y\"><div class=\"x-row e997-e12 mrp-h mrp-i mrp-o mrp-r\"><div class=\"x-row-inner\"><div class=\"x-col e997-e13 mrp-y mrp-z\"><span class=\"x-image x-hide-lg x-hide-md x-hide-xl e997-e14 mrp-1h\"><img decoding=\"async\" src=\"https:\/\/ccdd.univ-lyon1.fr\/wp-content\/uploads\/2025\/06\/WEB@YANIS_OURABAH5284.jpg\" width=\"1100\" height=\"733\" alt=\"Image\" loading=\"lazy\"><\/span><div id=\"carrieres\" class=\"x-text x-text-headline e997-e15 mrp-1i mrp-1j mrp-1k mrp-1l\"><div class=\"x-text-content\"><div class=\"x-text-content-text\"><h1 class=\"x-text-content-text-primary\">Carri\u00e8res<\/h1>\n<\/div><\/div><\/div><div class=\"x-text x-content e997-e16 mrp-14 mrp-18 mrp-19 mrp-1a mrp-1b mrp-9 mrp-a mrp-b mrp-c x-effect-exit\" data-x-effect=\"{&quot;scroll&quot;:true,&quot;offsetTop&quot;:&quot;0%&quot;,&quot;offsetBottom&quot;:&quot;0%&quot;,&quot;behaviorScroll&quot;:&quot;fire-once&quot;}\"><p>Des m&eacute;tiers d'avenir au c&oelig;ur de l&rsquo;innovation acad&eacute;mique&nbsp;<\/p><\/div><\/div><div class=\"x-col x-hide-sm x-hide-xs e997-e17 mrp-y\"><span class=\"x-image e997-e18 mrp-1h\"><img decoding=\"async\" src=\"https:\/\/ccdd.univ-lyon1.fr\/wp-content\/uploads\/2025\/06\/WEB@YANIS_OURABAH5284.jpg\" width=\"1100\" height=\"733\" alt=\"Image\" loading=\"lazy\"><\/span><\/div><\/div><\/div><\/div><\/div><\/div><\/div><div class=\"x-section e997-e19 mrp-0 mrp-1 mrp-2 mrp-3 mrp-6\"><hr class=\"x-line e997-e20 mrp-1q mrp-c mrp-d mrp-e x-effect-exit\" data-x-effect=\"{&quot;scroll&quot;:true,&quot;offsetTop&quot;:&quot;0%&quot;,&quot;offsetBottom&quot;:&quot;0%&quot;,&quot;behaviorScroll&quot;:&quot;fire-once&quot;}\"\/><\/div><div class=\"x-section e997-e21 mrp-0 mrp-1 mrp-6 mrp-7\"><div class=\"x-row x-container max width e997-e22 mrp-h mrp-i mrp-o mrp-s\"><div class=\"x-row-inner\"><div class=\"x-col e997-e23 mrp-y\"><div class=\"x-row e997-e24 mrp-h mrp-k mrp-l mrp-o mrp-t\" id=\"evolutivite\"><div class=\"x-row-inner\"><div class=\"x-col e997-e25 mrp-y\"><div class=\"x-text x-text-headline e997-e26 mrp-1k mrp-1l mrp-1m mrp-1n mrp-1o mrp-a mrp-b mrp-c mrp-f x-effect-exit\" data-x-effect=\"{&quot;scroll&quot;:true,&quot;offsetTop&quot;:&quot;0%&quot;,&quot;offsetBottom&quot;:&quot;0%&quot;,&quot;behaviorScroll&quot;:&quot;fire-once&quot;}\"><div class=\"x-text-content\"><div class=\"x-text-content-text\"><h2 class=\"x-text-content-text-primary\">Rejoignez un centre de calcul derni&egrave;re g&eacute;n&eacute;ration<\/h2>\n<\/div><\/div><\/div><\/div><div class=\"x-col e997-e27 mrp-y\"><div class=\"x-row e997-e28 mrp-h mrp-m mrp-o mrp-u\"><div class=\"x-row-inner\"><div class=\"x-col e997-e29 mrp-y\"><div class=\"x-text x-content e997-e30 mrp-13 mrp-14 mrp-17 mrp-1a mrp-1b mrp-1c mrp-1d mrp-b mrp-c mrp-e mrp-g x-effect-exit\" data-x-effect=\"{&quot;scroll&quot;:true,&quot;offsetTop&quot;:&quot;10%&quot;,&quot;offsetBottom&quot;:&quot;10%&quot;,&quot;behaviorScroll&quot;:&quot;fire-once&quot;}\"><p>Envie de faire partie d&rsquo;un environnement technologique de pointe, dans un environnement universitaire&nbsp;de haut niveau ?<\/p><\/div><\/div><div class=\"x-col e997-e31 mrp-y\"><div class=\"x-text x-content e997-e32 mrp-14 mrp-16 mrp-19 mrp-1a mrp-1d mrp-1e mrp-1f\"><p>Nous recherchons des talents curieux et rigoureux, des femmes et des hommes passionn&eacute;s par les technologies, pr&ecirc;ts &agrave; relever des d&eacute;fis concrets et &agrave; s&rsquo;investir dans un projet collectif &agrave; fort impact territorial pour la recherche scientifique locale et internationale ainsi que l&rsquo;enseignement.<\/p><\/div><\/div><\/div><\/div><div class=\"x-row e997-e33 mrp-h mrp-l mrp-n mrp-o mrp-v\"><div class=\"x-row-inner\"><div class=\"x-col e997-e34 mrp-y\"><div class=\"x-text x-text-headline e997-e35 mrp-1i mrp-1k mrp-1l mrp-1o mrp-a mrp-b mrp-c mrp-f x-effect-exit\" data-x-effect=\"{&quot;scroll&quot;:true,&quot;offsetTop&quot;:&quot;0%&quot;,&quot;offsetBottom&quot;:&quot;0%&quot;,&quot;behaviorScroll&quot;:&quot;fire-once&quot;}\"><div class=\"x-text-content\"><div class=\"x-text-content-text\"><h2 class=\"x-text-content-text-primary\">Offres d&rsquo;emploi<\/h2>\n<\/div><\/div><\/div><\/div><div class=\"x-col e997-e36 mrp-y\"><div class=\"x-row e997-e37 mrp-h mrp-m mrp-o mrp-w\"><div class=\"x-row-inner\"><div class=\"x-col e997-e38 mrp-y\"><div class=\"x-text x-content e997-e39 mrp-13 mrp-14 mrp-17 mrp-1a mrp-1b mrp-1d\"><p>Aucune offre &agrave; pourvoir pour le moment<\/p><\/div><\/div><\/div><\/div><\/div><\/div><\/div><\/div><\/div><\/div><\/div><\/div><\/div><\/div><div class=\"x-section e997-e40 mrp-0 mrp-6 mrp-7 mrp-8\" id=\"interieur\"><div class=\"x-row x-container max width e997-e41 mrp-h mrp-i mrp-o mrp-x\"><div class=\"x-row-inner\"><div class=\"x-col e997-e42 mrp-y\"><div class=\"x-text x-text-headline e997-e43 mrp-1k mrp-1n mrp-1o mrp-1p mrp-a mrp-b mrp-c mrp-f x-effect-exit\" data-x-effect=\"{&quot;scroll&quot;:true,&quot;offsetTop&quot;:&quot;0%&quot;,&quot;offsetBottom&quot;:&quot;0%&quot;,&quot;behaviorScroll&quot;:&quot;fire-once&quot;}\"><div class=\"x-text-content\"><div class=\"x-text-content-text\"><h2 class=\"x-text-content-text-primary\">Travailler pour le CCDD<\/h2>\n<\/div><\/div><\/div><div class=\"x-text x-content e997-e44 mrp-13 mrp-14 mrp-16 mrp-1a mrp-1d mrp-1f\"><p>Int\u00e9grer le CCDD, c\u2019est rejoindre une \u00e9quipe engag\u00e9e, \u00e0 taille humaine, o\u00f9 l\u2019expertise, la fiabilit\u00e9 et l\u2019esprit d\u2019\u00e9quipe sont au c\u0153ur des missions.<\/p>\n<p>Vous ferez partie int\u00e9grante du CISR, un service en cotutelle de l\u2019Universit\u00e9 Claude Bernard Lyon 1 et l\u2019INSA Lyon assurant l\u2019exploitation du Centre de Calcul et de Donn\u00e9es Lyon Tech-la Doua.<\/p><\/div><\/div><\/div><\/div><\/div><\/div>\n","protected":false},"excerpt":{"rendered":"<p>HomeCarri\u00e8res Des m&eacute;tiers d&rsquo;avenir au c&oelig;ur de l&rsquo;innovation acad&eacute;mique&nbsp;Rejoignez un centre de calcul derni&egrave;re g&eacute;n&eacute;ration Envie de faire partie d&rsquo;un environnement technologique de pointe, dans un environnement universitaire&nbsp;de haut niveau ?Nous recherchons des talents curieux et rigoureux, des femmes et des hommes passionn&eacute;s par les technologies, pr&ecirc;ts &agrave; relever des d&eacute;fis concrets et &agrave; s&rsquo;investir dans un projet collectif &agrave; &#8230; <\/p>\n<div><a href=\"https:\/\/ccdd.univ-lyon1.fr\/?page_id=997\" class=\"more-link\">Read More<\/a><\/div>\n","protected":false},"author":3,"featured_media":1003,"parent":0,"menu_order":4,"comment_status":"closed","ping_status":"closed","template":"template-blank-4.php","meta":{"footnotes":""},"class_list":["post-997","page","type-page","status-publish","has-post-thumbnail","hentry"],"_links":{"self":[{"href":"https:\/\/ccdd.univ-lyon1.fr\/index.php?rest_route=\/wp\/v2\/pages\/997","targetHints":{"allow":["GET"]}}],"collection":[{"href":"https:\/\/ccdd.univ-lyon1.fr\/index.php?rest_route=\/wp\/v2\/pages"}],"about":[{"href":"https:\/\/ccdd.univ-lyon1.fr\/index.php?rest_route=\/wp\/v2\/types\/page"}],"author":[{"embeddable":true,"href":"https:\/\/ccdd.univ-lyon1.fr\/index.php?rest_route=\/wp\/v2\/users\/3"}],"replies":[{"embeddable":true,"href":"https:\/\/ccdd.univ-lyon1.fr\/index.php?rest_route=%2Fwp%2Fv2%2Fcomments&post=997"}],"version-history":[{"count":15,"href":"https:\/\/ccdd.univ-lyon1.fr\/index.php?rest_route=\/wp\/v2\/pages\/997\/revisions"}],"predecessor-version":[{"id":1439,"href":"https:\/\/ccdd.univ-lyon1.fr\/index.php?rest_route=\/wp\/v2\/pages\/997\/revisions\/1439"}],"wp:featuredmedia":[{"embeddable":true,"href":"https:\/\/ccdd.univ-lyon1.fr\/index.php?rest_route=\/wp\/v2\/media\/1003"}],"wp:attachment":[{"href":"https:\/\/ccdd.univ-lyon1.fr\/index.php?rest_route=%2Fwp%2Fv2%2Fmedia&parent=997"}],"curies":[{"name":"wp","href":"https:\/\/api.w.org\/{rel}","templated":true}]}}